{"id":12242,"date":"2026-02-26T13:37:44","date_gmt":"2026-02-26T12:37:44","guid":{"rendered":"https:\/\/ebs-medical.com\/ultraaeaeni\/"},"modified":"2026-02-26T14:01:58","modified_gmt":"2026-02-26T13:01:58","slug":"ultraaeaeni","status":"publish","type":"page","link":"https:\/\/ebs-medical.com\/fi\/ultraaeaeni\/","title":{"rendered":"Ultra\u00e4\u00e4ni"},"content":{"rendered":"\t\t<div data-elementor-type=\"wp-page\" data-elementor-id=\"12242\" class=\"elementor elementor-12242 elementor-12216\" data-elementor-post-type=\"page\">\n\t\t\t\t<div class=\"elementor-element elementor-element-30f3d72 e-con-full no-padding e-flex e-con e-parent\" data-id=\"30f3d72\" data-element_type=\"container\" data-e-type=\"container\">\n\t\t\t\t<div class=\"elementor-element elementor-element-f7661f2 elementor-widget elementor-widget-template\" data-id=\"f7661f2\" data-element_type=\"widget\" data-e-type=\"widget\" data-widget_type=\"template.default\">\n\t\t\t\t<div class=\"elementor-widget-container\">\n\t\t\t\t\t\t\t<div class=\"elementor-template\">\n\t\t\t\t\t<div data-elementor-type=\"container\" data-elementor-id=\"11945\" class=\"elementor elementor-11945 elementor-6542\" data-elementor-post-type=\"elementor_library\">\n\t\t\t\t<div class=\"elementor-element elementor-element-2bc4b5ab white e-flex e-con-boxed e-con e-parent\" data-id=\"2bc4b5ab\" data-element_type=\"container\" data-e-type=\"container\" data-settings=\"{&quot;background_background&quot;:&quot;classic&quot;}\">\n\t\t\t\t\t<div class=\"e-con-inner\">\n\t\t\t\t<div class=\"elementor-element elementor-element-1d645c29 elementor-icon-list--layout-inline elementor-align-center elementor-list-item-link-full_width elementor-widget elementor-widget-icon-list\" data-id=\"1d645c29\" data-element_type=\"widget\" data-e-type=\"widget\" data-widget_type=\"icon-list.default\">\n\t\t\t\t<div class=\"elementor-widget-container\">\n\t\t\t\t\t\t\t<ul class=\"elementor-icon-list-items elementor-inline-items\">\n\t\t\t\t\t\t\t<li class=\"elementor-icon-list-item elementor-inline-item\">\n\t\t\t\t\t\t\t\t\t\t<span class=\"elementor-icon-list-text\"><a href=\"tel:+45 42 67 68 58\" aria-label=\"Telefon nummer\">+45 42 67 68 58<\/a><\/span>\n\t\t\t\t\t\t\t\t\t<\/li>\n\t\t\t\t\t\t\t\t<li class=\"elementor-icon-list-item elementor-inline-item\">\n\t\t\t\t\t\t\t\t\t\t<span class=\"elementor-icon-list-text\"><a href=\"mailto:info@ebs-medical.com\" aria-label=\"Email adresse\">info@ebs-medical.com<\/a><\/span>\n\t\t\t\t\t\t\t\t\t<\/li>\n\t\t\t\t\t\t<\/ul>\n\t\t\t\t\t\t<\/div>\n\t\t\t\t<\/div>\n\t\t\t\t\t<\/div>\n\t\t\t\t<\/div>\n\t\t\t\t<\/div>\n\t\t\t\t<\/div>\n\t\t\t\t\t\t<\/div>\n\t\t\t\t<\/div>\n\t\t\t\t<\/div>\n\t\t<div class=\"elementor-element elementor-element-55fb19b e-flex e-con-boxed e-con e-parent\" data-id=\"55fb19b\" data-element_type=\"container\" data-e-type=\"container\">\n\t\t\t\t\t<div class=\"e-con-inner\">\n\t\t<div class=\"elementor-element elementor-element-2a82309 e-con-full e-flex e-con e-child\" data-id=\"2a82309\" data-element_type=\"container\" data-e-type=\"container\">\n\t\t\t\t<div class=\"elementor-element elementor-element-df014f3 elementor-widget elementor-widget-text-editor\" data-id=\"df014f3\" data-element_type=\"widget\" data-e-type=\"widget\" data-widget_type=\"text-editor.default\">\n\t\t\t\t<div class=\"elementor-widget-container\">\n\t\t\t\t\t\t\t\t\t<h2>Ihoon liittyvien hoitojen laitteet<\/h2><p>Ihohoitojen teknologia riippuu haluamasi hoidon tyypist\u00e4, jotkut laitteet voivat suorittaa useita erityyppisi\u00e4 hoitoja! Menetelmi\u00e4 voivat olla laser, murtolukulaser, timanttihionta, IPL, HiFu, MMFU, radiotaajuus, ultra\u00e4\u00e4ni, tyhji\u00f6, EMS, elektroporaatio, infrapunavalo, happik\u00e4sittely jne.<\/p>\t\t\t\t\t\t\t\t<\/div>\n\t\t\t\t<\/div>\n\t\t\t\t<div class=\"elementor-element elementor-element-caa9536 elementor-grid-2 elementor-grid-tablet-2 elementor-grid-mobile-1 elementor-widget elementor-widget-loop-grid\" data-id=\"caa9536\" data-element_type=\"widget\" data-e-type=\"widget\" data-settings=\"{&quot;template_id&quot;:11876,&quot;columns&quot;:2,&quot;_skin&quot;:&quot;post&quot;,&quot;columns_tablet&quot;:&quot;2&quot;,&quot;columns_mobile&quot;:&quot;1&quot;,&quot;edit_handle_selector&quot;:&quot;[data-elementor-type=\\&quot;loop-item\\&quot;]&quot;,&quot;row_gap&quot;:{&quot;unit&quot;:&quot;px&quot;,&quot;size&quot;:&quot;&quot;,&quot;sizes&quot;:[]},&quot;row_gap_laptop&quot;:{&quot;unit&quot;:&quot;px&quot;,&quot;size&quot;:&quot;&quot;,&quot;sizes&quot;:[]},&quot;row_gap_tablet&quot;:{&quot;unit&quot;:&quot;px&quot;,&quot;size&quot;:&quot;&quot;,&quot;sizes&quot;:[]},&quot;row_gap_mobile&quot;:{&quot;unit&quot;:&quot;px&quot;,&quot;size&quot;:&quot;&quot;,&quot;sizes&quot;:[]}}\" data-widget_type=\"loop-grid.post\">\n\t\t\t\t<div class=\"elementor-widget-container\">\n\t\t\t\t\t\t\t<div class=\"elementor-loop-container elementor-grid\">\n\t\t<style id=\"loop-11876\">.elementor-11876 .elementor-element.elementor-element-42cf003{--display:flex;--gap:25px 0px;--row-gap:25px;--column-gap:0px;--padding-top:0px;--padding-bottom:0px;--padding-left:0px;--padding-right:0px;}.elementor-11876 .elementor-element.elementor-element-fb44772 img{height:300px;object-fit:contain;object-position:center center;}.elementor-11876 .elementor-element.elementor-element-fb44772 > .elementor-widget-container{margin:0px 0px 15px 0px;}.elementor-11876 .elementor-element.elementor-element-9572ef9{--display:flex;--gap:10px 0px;--row-gap:10px;--column-gap:0px;--padding-top:0px;--padding-bottom:0px;--padding-left:0px;--padding-right:0px;}.elementor-11876 .elementor-element.elementor-element-66eb336{text-align:center;}<\/style>\t\t<div data-elementor-type=\"loop-item\" data-elementor-id=\"11876\" class=\"elementor elementor-11876 elementor-8324 e-loop-item e-loop-item-12198 post-12198 produkt type-produkt status-publish has-post-thumbnail hentry produktkategori-ultralyd\" data-elementor-post-type=\"elementor_library\" data-custom-edit-handle=\"1\">\n\t\t\t<div class=\"elementor-element elementor-element-42cf003 e-con-full e-flex e-con e-parent\" data-id=\"42cf003\" data-element_type=\"container\" data-e-type=\"container\">\n\t\t\t\t<div class=\"elementor-element elementor-element-fb44772 elementor-widget elementor-widget-theme-post-featured-image elementor-widget-image\" data-id=\"fb44772\" data-element_type=\"widget\" data-e-type=\"widget\" data-widget_type=\"theme-post-featured-image.default\">\n\t\t\t\t<div class=\"elementor-widget-container\">\n\t\t\t\t\t\t\t\t\t\t\t\t\t\t\t<img fetchpriority=\"high\" decoding=\"async\" width=\"228\" height=\"394\" src=\"https:\/\/ebs-medical.com\/wp-content\/uploads\/2026\/02\/MyScan.jpg\" class=\"attachment-full size-full wp-image-12197\" alt=\"\" \/>\t\t\t\t\t\t\t\t\t\t\t\t\t\t\t<\/div>\n\t\t\t\t<\/div>\n\t\t<div class=\"elementor-element elementor-element-9572ef9 e-con-full e-flex e-con e-child\" data-id=\"9572ef9\" data-element_type=\"container\" data-e-type=\"container\">\n\t\t\t\t<div class=\"elementor-element elementor-element-66eb336 elementor-widget elementor-widget-theme-post-title elementor-page-title elementor-widget-heading\" data-id=\"66eb336\" data-element_type=\"widget\" data-e-type=\"widget\" data-widget_type=\"theme-post-title.default\">\n\t\t\t\t<div class=\"elementor-widget-container\">\n\t\t\t\t\t<h2 class=\"elementor-heading-title elementor-size-default\">ProScan medical MyScan<\/h2>\t\t\t\t<\/div>\n\t\t\t\t<\/div>\n\t\t\t\t<\/div>\n\t\t\t\t<div class=\"elementor-element elementor-element-9650076 elementor-align-center border elementor-widget elementor-widget-button\" data-id=\"9650076\" data-element_type=\"widget\" data-e-type=\"widget\" data-widget_type=\"button.default\">\n\t\t\t\t<div class=\"elementor-widget-container\">\n\t\t\t\t\t\t\t\t\t<div class=\"elementor-button-wrapper\">\n\t\t\t\t\t<a class=\"elementor-button elementor-button-link elementor-size-xs\" href=\"https:\/\/ebs-medical.com\/fi\/produkt\/myscan\/\">\n\t\t\t\t\t\t<span class=\"elementor-button-content-wrapper\">\n\t\t\t\t\t\t\t\t\t<span class=\"elementor-button-text\">Siirry tuotteeseen<\/span>\n\t\t\t\t\t<\/span>\n\t\t\t\t\t<\/a>\n\t\t\t\t<\/div>\n\t\t\t\t\t\t\t\t<\/div>\n\t\t\t\t<\/div>\n\t\t\t\t<\/div>\n\t\t\t\t<\/div>\n\t\t\t\t<\/div>\n\t\t\n\t\t\t\t\t\t<\/div>\n\t\t\t\t<\/div>\n\t\t\t\t<\/div>\n\t\t<div class=\"elementor-element elementor-element-3779cdf e-con-full e-flex e-con e-child\" data-id=\"3779cdf\" data-element_type=\"container\" data-e-type=\"container\">\n\t\t\t\t<div class=\"elementor-element elementor-element-abfde6f elementor-widget elementor-widget-image\" data-id=\"abfde6f\" data-element_type=\"widget\" data-e-type=\"widget\" data-widget_type=\"image.default\">\n\t\t\t\t<div class=\"elementor-widget-container\">\n\t\t\t\t\t\t\t\t\t\t\t\t\t\t\t<img decoding=\"async\" width=\"2048\" height=\"991\" src=\"https:\/\/ebs-medical.com\/wp-content\/uploads\/2025\/08\/Stor-erfaring-i-medicinsk-laserudstyr-scaled-1.jpg\" class=\"attachment-full size-full wp-image-9721\" alt=\"\" srcset=\"https:\/\/ebs-medical.com\/wp-content\/uploads\/2025\/08\/Stor-erfaring-i-medicinsk-laserudstyr-scaled-1.jpg 2048w, https:\/\/ebs-medical.com\/wp-content\/uploads\/2025\/08\/Stor-erfaring-i-medicinsk-laserudstyr-scaled-1-500x242.jpg 500w, https:\/\/ebs-medical.com\/wp-content\/uploads\/2025\/08\/Stor-erfaring-i-medicinsk-laserudstyr-scaled-1-1000x484.jpg 1000w, https:\/\/ebs-medical.com\/wp-content\/uploads\/2025\/08\/Stor-erfaring-i-medicinsk-laserudstyr-scaled-1-768x372.jpg 768w, https:\/\/ebs-medical.com\/wp-content\/uploads\/2025\/08\/Stor-erfaring-i-medicinsk-laserudstyr-scaled-1-1536x743.jpg 1536w\" sizes=\"(max-width: 2048px) 100vw, 2048px\" \/>\t\t\t\t\t\t\t\t\t\t\t\t\t\t\t<\/div>\n\t\t\t\t<\/div>\n\t\t<div class=\"elementor-element elementor-element-4c55fe9 e-con-full accent e-flex e-con e-child\" data-id=\"4c55fe9\" data-element_type=\"container\" data-e-type=\"container\" data-settings=\"{&quot;background_background&quot;:&quot;classic&quot;}\">\n\t\t\t\t<div class=\"elementor-element elementor-element-8723612 elementor-widget elementor-widget-text-editor\" data-id=\"8723612\" data-element_type=\"widget\" data-e-type=\"widget\" data-widget_type=\"text-editor.default\">\n\t\t\t\t<div class=\"elementor-widget-container\">\n\t\t\t\t\t\t\t\t\t<h3>Onko sinulla kysytt\u00e4v\u00e4\u00e4 tai haluatko sitoumuksettoman tarjouksen?<\/h3><p>YhteystiedotEBS medical t\u00e4n\u00e4\u00e4n p\u00e4tev\u00e4\u00e4 sparrausta ja neuvoja varten.<\/p>\t\t\t\t\t\t\t\t<\/div>\n\t\t\t\t<\/div>\n\t\t\t\t<div class=\"elementor-element elementor-element-93c8cf2 elementor-widget elementor-widget-shortcode\" data-id=\"93c8cf2\" data-element_type=\"widget\" data-e-type=\"widget\" data-widget_type=\"shortcode.default\">\n\t\t\t\t<div class=\"elementor-widget-container\">\n\t\t\t\t\t\t\t<div class=\"elementor-shortcode\"><form id=\"forminator-module-66\" class=\"forminator-custom-form forminator-custom-form-66\" method=\"post\" data-forminator-render=\"0\" data-uid=\"69d0a26c63d5d\"><div role=\"alert\" aria-live=\"polite\" class=\"forminator-response-message forminator-error\" aria-hidden=\"true\"><\/div><\/form><\/div>\n\t\t\t\t\t\t<\/div>\n\t\t\t\t<\/div>\n\t\t\t\t<\/div>\n\t\t\t\t<\/div>\n\t\t\t\t\t<\/div>\n\t\t\t\t<\/div>\n\t\t\t\t<\/div>\n\t\t","protected":false},"excerpt":{"rendered":"<p>Ihoon liittyvien hoitojen laitteet Ihohoitojen teknologia riippuu haluamasi hoidon tyypist\u00e4, jotkut laitteet voivat suorittaa useita erityyppisi\u00e4 hoitoja! Menetelmi\u00e4 voivat olla laser, murtolukulaser, timanttihionta, IPL, HiFu, MMFU, radiotaajuus, ultra\u00e4\u00e4ni, tyhji\u00f6, EMS, elektroporaatio, infrapunavalo, happik\u00e4sittely jne. Onko sinulla kysytt\u00e4v\u00e4\u00e4 tai haluatko sitoumuksettoman tarjouksen? Yhteystiedot t\u00e4n\u00e4\u00e4n p\u00e4tev\u00e4\u00e4 sparrausta ja neuvoja varten.<\/p>\n","protected":false},"author":7,"featured_media":0,"parent":0,"menu_order":0,"comment_status":"closed","ping_status":"closed","template":"","meta":{"_acf_changed":false,"footnotes":""},"categories":[126],"class_list":["post-12242","page","type-page","status-publish","hentry","category-tuotteet"],"acf":[],"yoast_head":"<!-- This site is optimized with the Yoast SEO plugin v27.3 - https:\/\/yoast.com\/product\/yoast-seo-wordpress\/ -->\n<title>Ultra\u00e4\u00e4ni | EBS medical<\/title>\n<meta name=\"robots\" content=\"index, follow, max-snippet:-1, max-image-preview:large, max-video-preview:-1\" \/>\n<link rel=\"canonical\" href=\"https:\/\/ebs-medical.com\/fi\/ultraaeaeni\/\" \/>\n<meta property=\"og:locale\" content=\"fi_FI\" \/>\n<meta property=\"og:type\" content=\"article\" \/>\n<meta property=\"og:title\" content=\"Ultra\u00e4\u00e4ni | EBS medical\" \/>\n<meta property=\"og:description\" content=\"Ihoon liittyvien hoitojen laitteet Ihohoitojen teknologia riippuu haluamasi hoidon tyypist\u00e4, jotkut laitteet voivat suorittaa useita erityyppisi\u00e4 hoitoja! Menetelmi\u00e4 voivat olla laser, murtolukulaser, timanttihionta, IPL, HiFu, MMFU, radiotaajuus, ultra\u00e4\u00e4ni, tyhji\u00f6, EMS, elektroporaatio, infrapunavalo, happik\u00e4sittely jne. Onko sinulla kysytt\u00e4v\u00e4\u00e4 tai haluatko sitoumuksettoman tarjouksen? Yhteystiedot t\u00e4n\u00e4\u00e4n p\u00e4tev\u00e4\u00e4 sparrausta ja neuvoja varten.\" \/>\n<meta property=\"og:url\" content=\"https:\/\/ebs-medical.com\/fi\/ultraaeaeni\/\" \/>\n<meta property=\"og:site_name\" content=\"EBS medical\" \/>\n<meta property=\"article:modified_time\" content=\"2026-02-26T13:01:58+00:00\" \/>\n<meta property=\"og:image\" content=\"https:\/\/ebs-medical.com\/wp-content\/uploads\/2025\/08\/Stor-erfaring-i-medicinsk-laserudstyr-scaled-1.jpg\" \/>\n\t<meta property=\"og:image:width\" content=\"2048\" \/>\n\t<meta property=\"og:image:height\" content=\"991\" \/>\n\t<meta property=\"og:image:type\" content=\"image\/jpeg\" \/>\n<meta name=\"twitter:card\" content=\"summary_large_image\" \/>\n<script type=\"application\/ld+json\" class=\"yoast-schema-graph\">{\"@context\":\"https:\\\/\\\/schema.org\",\"@graph\":[{\"@type\":\"WebPage\",\"@id\":\"https:\\\/\\\/ebs-medical.com\\\/fi\\\/ultraaeaeni\\\/\",\"url\":\"https:\\\/\\\/ebs-medical.com\\\/fi\\\/ultraaeaeni\\\/\",\"name\":\"Ultra\u00e4\u00e4ni | EBS medical\",\"isPartOf\":{\"@id\":\"https:\\\/\\\/ebs-medical.com\\\/fi\\\/#website\"},\"primaryImageOfPage\":{\"@id\":\"https:\\\/\\\/ebs-medical.com\\\/fi\\\/ultraaeaeni\\\/#primaryimage\"},\"image\":{\"@id\":\"https:\\\/\\\/ebs-medical.com\\\/fi\\\/ultraaeaeni\\\/#primaryimage\"},\"thumbnailUrl\":\"https:\\\/\\\/ebs-medical.com\\\/wp-content\\\/uploads\\\/2025\\\/08\\\/Stor-erfaring-i-medicinsk-laserudstyr-scaled-1.jpg\",\"datePublished\":\"2026-02-26T12:37:44+00:00\",\"dateModified\":\"2026-02-26T13:01:58+00:00\",\"breadcrumb\":{\"@id\":\"https:\\\/\\\/ebs-medical.com\\\/fi\\\/ultraaeaeni\\\/#breadcrumb\"},\"inLanguage\":\"fi\",\"potentialAction\":[{\"@type\":\"ReadAction\",\"target\":[\"https:\\\/\\\/ebs-medical.com\\\/fi\\\/ultraaeaeni\\\/\"]}]},{\"@type\":\"ImageObject\",\"inLanguage\":\"fi\",\"@id\":\"https:\\\/\\\/ebs-medical.com\\\/fi\\\/ultraaeaeni\\\/#primaryimage\",\"url\":\"https:\\\/\\\/ebs-medical.com\\\/wp-content\\\/uploads\\\/2025\\\/08\\\/Stor-erfaring-i-medicinsk-laserudstyr-scaled-1.jpg\",\"contentUrl\":\"https:\\\/\\\/ebs-medical.com\\\/wp-content\\\/uploads\\\/2025\\\/08\\\/Stor-erfaring-i-medicinsk-laserudstyr-scaled-1.jpg\"},{\"@type\":\"BreadcrumbList\",\"@id\":\"https:\\\/\\\/ebs-medical.com\\\/fi\\\/ultraaeaeni\\\/#breadcrumb\",\"itemListElement\":[{\"@type\":\"ListItem\",\"position\":1,\"name\":\"Forside\",\"item\":\"https:\\\/\\\/ebs-medical.com\\\/fi\\\/\"},{\"@type\":\"ListItem\",\"position\":2,\"name\":\"Ultra\u00e4\u00e4ni\"}]},{\"@type\":\"WebSite\",\"@id\":\"https:\\\/\\\/ebs-medical.com\\\/fi\\\/#website\",\"url\":\"https:\\\/\\\/ebs-medical.com\\\/fi\\\/\",\"name\":\"EBS medical\",\"description\":\"Udstyr til fjernelse af tatovering, rynker og h\u00e5r, samt fedtfrysning\",\"publisher\":{\"@id\":\"https:\\\/\\\/ebs-medical.com\\\/fi\\\/#organization\"},\"potentialAction\":[{\"@type\":\"SearchAction\",\"target\":{\"@type\":\"EntryPoint\",\"urlTemplate\":\"https:\\\/\\\/ebs-medical.com\\\/fi\\\/?s={search_term_string}\"},\"query-input\":{\"@type\":\"PropertyValueSpecification\",\"valueRequired\":true,\"valueName\":\"search_term_string\"}}],\"inLanguage\":\"fi\"},{\"@type\":\"Organization\",\"@id\":\"https:\\\/\\\/ebs-medical.com\\\/fi\\\/#organization\",\"name\":\"EBS medical\",\"url\":\"https:\\\/\\\/ebs-medical.com\\\/fi\\\/\",\"logo\":{\"@type\":\"ImageObject\",\"inLanguage\":\"fi\",\"@id\":\"https:\\\/\\\/ebs-medical.com\\\/fi\\\/#\\\/schema\\\/logo\\\/image\\\/\",\"url\":\"https:\\\/\\\/ebs-medical.com\\\/wp-content\\\/uploads\\\/2025\\\/08\\\/logo.png\",\"contentUrl\":\"https:\\\/\\\/ebs-medical.com\\\/wp-content\\\/uploads\\\/2025\\\/08\\\/logo.png\",\"width\":246,\"height\":103,\"caption\":\"EBS medical\"},\"image\":{\"@id\":\"https:\\\/\\\/ebs-medical.com\\\/fi\\\/#\\\/schema\\\/logo\\\/image\\\/\"}}]}<\/script>\n<!-- \/ Yoast SEO plugin. -->","yoast_head_json":{"title":"Ultra\u00e4\u00e4ni | EBS medical","robots":{"index":"index","follow":"follow","max-snippet":"max-snippet:-1","max-image-preview":"max-image-preview:large","max-video-preview":"max-video-preview:-1"},"canonical":"https:\/\/ebs-medical.com\/fi\/ultraaeaeni\/","og_locale":"fi_FI","og_type":"article","og_title":"Ultra\u00e4\u00e4ni | EBS medical","og_description":"Ihoon liittyvien hoitojen laitteet Ihohoitojen teknologia riippuu haluamasi hoidon tyypist\u00e4, jotkut laitteet voivat suorittaa useita erityyppisi\u00e4 hoitoja! Menetelmi\u00e4 voivat olla laser, murtolukulaser, timanttihionta, IPL, HiFu, MMFU, radiotaajuus, ultra\u00e4\u00e4ni, tyhji\u00f6, EMS, elektroporaatio, infrapunavalo, happik\u00e4sittely jne. Onko sinulla kysytt\u00e4v\u00e4\u00e4 tai haluatko sitoumuksettoman tarjouksen? Yhteystiedot t\u00e4n\u00e4\u00e4n p\u00e4tev\u00e4\u00e4 sparrausta ja neuvoja varten.","og_url":"https:\/\/ebs-medical.com\/fi\/ultraaeaeni\/","og_site_name":"EBS medical","article_modified_time":"2026-02-26T13:01:58+00:00","og_image":[{"width":2048,"height":991,"url":"https:\/\/ebs-medical.com\/wp-content\/uploads\/2025\/08\/Stor-erfaring-i-medicinsk-laserudstyr-scaled-1.jpg","type":"image\/jpeg"}],"twitter_card":"summary_large_image","schema":{"@context":"https:\/\/schema.org","@graph":[{"@type":"WebPage","@id":"https:\/\/ebs-medical.com\/fi\/ultraaeaeni\/","url":"https:\/\/ebs-medical.com\/fi\/ultraaeaeni\/","name":"Ultra\u00e4\u00e4ni | EBS medical","isPartOf":{"@id":"https:\/\/ebs-medical.com\/fi\/#website"},"primaryImageOfPage":{"@id":"https:\/\/ebs-medical.com\/fi\/ultraaeaeni\/#primaryimage"},"image":{"@id":"https:\/\/ebs-medical.com\/fi\/ultraaeaeni\/#primaryimage"},"thumbnailUrl":"https:\/\/ebs-medical.com\/wp-content\/uploads\/2025\/08\/Stor-erfaring-i-medicinsk-laserudstyr-scaled-1.jpg","datePublished":"2026-02-26T12:37:44+00:00","dateModified":"2026-02-26T13:01:58+00:00","breadcrumb":{"@id":"https:\/\/ebs-medical.com\/fi\/ultraaeaeni\/#breadcrumb"},"inLanguage":"fi","potentialAction":[{"@type":"ReadAction","target":["https:\/\/ebs-medical.com\/fi\/ultraaeaeni\/"]}]},{"@type":"ImageObject","inLanguage":"fi","@id":"https:\/\/ebs-medical.com\/fi\/ultraaeaeni\/#primaryimage","url":"https:\/\/ebs-medical.com\/wp-content\/uploads\/2025\/08\/Stor-erfaring-i-medicinsk-laserudstyr-scaled-1.jpg","contentUrl":"https:\/\/ebs-medical.com\/wp-content\/uploads\/2025\/08\/Stor-erfaring-i-medicinsk-laserudstyr-scaled-1.jpg"},{"@type":"BreadcrumbList","@id":"https:\/\/ebs-medical.com\/fi\/ultraaeaeni\/#breadcrumb","itemListElement":[{"@type":"ListItem","position":1,"name":"Forside","item":"https:\/\/ebs-medical.com\/fi\/"},{"@type":"ListItem","position":2,"name":"Ultra\u00e4\u00e4ni"}]},{"@type":"WebSite","@id":"https:\/\/ebs-medical.com\/fi\/#website","url":"https:\/\/ebs-medical.com\/fi\/","name":"EBS medical","description":"Udstyr til fjernelse af tatovering, rynker og h\u00e5r, samt fedtfrysning","publisher":{"@id":"https:\/\/ebs-medical.com\/fi\/#organization"},"potentialAction":[{"@type":"SearchAction","target":{"@type":"EntryPoint","urlTemplate":"https:\/\/ebs-medical.com\/fi\/?s={search_term_string}"},"query-input":{"@type":"PropertyValueSpecification","valueRequired":true,"valueName":"search_term_string"}}],"inLanguage":"fi"},{"@type":"Organization","@id":"https:\/\/ebs-medical.com\/fi\/#organization","name":"EBS medical","url":"https:\/\/ebs-medical.com\/fi\/","logo":{"@type":"ImageObject","inLanguage":"fi","@id":"https:\/\/ebs-medical.com\/fi\/#\/schema\/logo\/image\/","url":"https:\/\/ebs-medical.com\/wp-content\/uploads\/2025\/08\/logo.png","contentUrl":"https:\/\/ebs-medical.com\/wp-content\/uploads\/2025\/08\/logo.png","width":246,"height":103,"caption":"EBS medical"},"image":{"@id":"https:\/\/ebs-medical.com\/fi\/#\/schema\/logo\/image\/"}}]}},"_links":{"self":[{"href":"https:\/\/ebs-medical.com\/fi\/wp-json\/wp\/v2\/pages\/12242","targetHints":{"allow":["GET"]}}],"collection":[{"href":"https:\/\/ebs-medical.com\/fi\/wp-json\/wp\/v2\/pages"}],"about":[{"href":"https:\/\/ebs-medical.com\/fi\/wp-json\/wp\/v2\/types\/page"}],"author":[{"embeddable":true,"href":"https:\/\/ebs-medical.com\/fi\/wp-json\/wp\/v2\/users\/7"}],"replies":[{"embeddable":true,"href":"https:\/\/ebs-medical.com\/fi\/wp-json\/wp\/v2\/comments?post=12242"}],"version-history":[{"count":4,"href":"https:\/\/ebs-medical.com\/fi\/wp-json\/wp\/v2\/pages\/12242\/revisions"}],"predecessor-version":[{"id":12255,"href":"https:\/\/ebs-medical.com\/fi\/wp-json\/wp\/v2\/pages\/12242\/revisions\/12255"}],"wp:attachment":[{"href":"https:\/\/ebs-medical.com\/fi\/wp-json\/wp\/v2\/media?parent=12242"}],"wp:term":[{"taxonomy":"category","embeddable":true,"href":"https:\/\/ebs-medical.com\/fi\/wp-json\/wp\/v2\/categories?post=12242"}],"curies":[{"name":"wp","href":"https:\/\/api.w.org\/{rel}","templated":true}]}}