{"id":12179,"date":"2025-10-22T09:39:15","date_gmt":"2025-10-22T07:39:15","guid":{"rendered":"https:\/\/ebs-medical.com\/laserkarvanpoistolaite-klinikoille-ja-ammattilaisille\/"},"modified":"2026-02-19T13:54:47","modified_gmt":"2026-02-19T12:54:47","slug":"laserkarvanpoistolaite-klinikoille-ja-ammattilaisille","status":"publish","type":"page","link":"https:\/\/ebs-medical.com\/fi\/laserkarvanpoistolaite-klinikoille-ja-ammattilaisille\/","title":{"rendered":"Laserkarvanpoistolaite klinikoille ja ammattilaisille"},"content":{"rendered":"\t\t<div data-elementor-type=\"wp-page\" data-elementor-id=\"12179\" class=\"elementor elementor-12179 elementor-12002\" data-elementor-post-type=\"page\">\n\t\t\t\t<div class=\"elementor-element elementor-element-e36de90 e-con-full no-padding e-flex e-con e-parent\" data-id=\"e36de90\" data-element_type=\"container\" data-e-type=\"container\">\n\t\t\t\t<div class=\"elementor-element elementor-element-799350b elementor-widget elementor-widget-template\" data-id=\"799350b\" data-element_type=\"widget\" data-e-type=\"widget\" data-widget_type=\"template.default\">\n\t\t\t\t<div class=\"elementor-widget-container\">\n\t\t\t\t\t\t\t<div class=\"elementor-template\">\n\t\t\t\t\t<div data-elementor-type=\"container\" data-elementor-id=\"11945\" class=\"elementor elementor-11945 elementor-6542\" data-elementor-post-type=\"elementor_library\">\n\t\t\t\t<div class=\"elementor-element elementor-element-2bc4b5ab white e-flex e-con-boxed e-con e-parent\" data-id=\"2bc4b5ab\" data-element_type=\"container\" data-e-type=\"container\" data-settings=\"{&quot;background_background&quot;:&quot;classic&quot;}\">\n\t\t\t\t\t<div class=\"e-con-inner\">\n\t\t\t\t<div class=\"elementor-element elementor-element-1d645c29 elementor-icon-list--layout-inline elementor-align-center elementor-list-item-link-full_width elementor-widget elementor-widget-icon-list\" data-id=\"1d645c29\" data-element_type=\"widget\" data-e-type=\"widget\" data-widget_type=\"icon-list.default\">\n\t\t\t\t<div class=\"elementor-widget-container\">\n\t\t\t\t\t\t\t<ul class=\"elementor-icon-list-items elementor-inline-items\">\n\t\t\t\t\t\t\t<li class=\"elementor-icon-list-item elementor-inline-item\">\n\t\t\t\t\t\t\t\t\t\t<span class=\"elementor-icon-list-text\"><a href=\"tel:+45 42 67 68 58\" aria-label=\"Telefon nummer\">+45 42 67 68 58<\/a><\/span>\n\t\t\t\t\t\t\t\t\t<\/li>\n\t\t\t\t\t\t\t\t<li class=\"elementor-icon-list-item elementor-inline-item\">\n\t\t\t\t\t\t\t\t\t\t<span class=\"elementor-icon-list-text\"><a href=\"mailto:info@ebs-medical.com\" aria-label=\"Email adresse\">info@ebs-medical.com<\/a><\/span>\n\t\t\t\t\t\t\t\t\t<\/li>\n\t\t\t\t\t\t<\/ul>\n\t\t\t\t\t\t<\/div>\n\t\t\t\t<\/div>\n\t\t\t\t\t<\/div>\n\t\t\t\t<\/div>\n\t\t\t\t<\/div>\n\t\t\t\t<\/div>\n\t\t\t\t\t\t<\/div>\n\t\t\t\t<\/div>\n\t\t\t\t<\/div>\n\t\t<div class=\"elementor-element elementor-element-dfe7b3d e-flex e-con-boxed e-con e-parent\" data-id=\"dfe7b3d\" data-element_type=\"container\" data-e-type=\"container\">\n\t\t\t\t\t<div class=\"e-con-inner\">\n\t\t<div class=\"elementor-element elementor-element-3d1b255 e-con-full e-flex e-con e-child\" data-id=\"3d1b255\" data-element_type=\"container\" data-e-type=\"container\">\n\t\t\t\t<div class=\"elementor-element elementor-element-30da9ba elementor-widget elementor-widget-text-editor\" data-id=\"30da9ba\" data-element_type=\"widget\" data-e-type=\"widget\" data-widget_type=\"text-editor.default\">\n\t\t\t\t<div class=\"elementor-widget-container\">\n\t\t\t\t\t\t\t\t\t<h2>Ammattimainen opas karvanpoistolaitteiden valintaan<\/h2><p>Kun etsit laserkarvanpoistolaitetta klinikallesi, voit saada apua oikean ratkaisun l\u00f6yt\u00e4miseen tarpeisiisi. EBS medicalilla autamme yrityksi\u00e4 valtakunnallisesti laserkarvanpoistolaitteiden kanssa, jotta laitteet toimivat optimaalisesti ja hoitoprosessit suoritetaan turvallisesti ja tehokkaasti. Kolmen vuosikymmenen kokemuksella l\u00e4\u00e4ketieteellisist\u00e4 laserlaitteista ja useilta valmistajilta saadulla koulutuksella saat ohjausta, joka varmistaa ammattimaiset tulokset ja tyytyv\u00e4iset potilaat.  <\/p><h2>Laserkarvanpoistolaitteen edut<\/h2><p>Hiuslaserlaite mahdollistaa nykyaikaisten hoitojen tarjoamisen tehokkaasti ja mahdollisimman v\u00e4h\u00e4isell\u00e4 ep\u00e4mukavuudella potilaalle. EBS medicalin avulla kumppaninasi saat apua seuraaviin asioihin: <\/p><ul><li>Klinikan tarpeisiin ja potilasprofiiliin sopivan laitteen valitseminen<\/li><li>Varmistaaksesi laitteiden asianmukaisen k\u00e4yt\u00f6n ja huollon<\/li><li>Turvallisen ymp\u00e4rist\u00f6n luominen potilaillesi hoidon aikana<\/li><\/ul><p>Ammattimaisella laserkarvanpoistolla voit tarjota hoitoja eri ihotyypeille ja alueille, mik\u00e4 lis\u00e4\u00e4 klinikan palvelutarjontaa ja potilastyytyv\u00e4isyytt\u00e4.<\/p><h2>Miten laserkarvanpoistolaite toimii?<\/h2><p>Laserkarvanpoistolaite toimii l\u00e4hett\u00e4m\u00e4ll\u00e4 karvatuppeihin v\u00e4kev\u00f6ity\u00e4 valoa, joka imeytyy karvan pigmenttiin. T\u00e4m\u00e4 vahingoittaa karvatuppeja ja est\u00e4\u00e4 uusien karvojen kasvua, mutta hoitoalueen ymp\u00e4rill\u00e4 oleva iho pysyy vahingoittumattomana. <\/p><p>Laserkarvanpoiston etuihin kuuluvat:<\/p><ul><li>Tehokas ei-toivotun karvankasvun v\u00e4hent\u00e4minen sek\u00e4 pienill\u00e4 ett\u00e4 suurilla alueilla<\/li><li>Lyhyt toipumisaika ja minimaalinen \u00e4rsytysriski<\/li><li>Mahdollisuus toistuviin hoitoihin optimaalisten tulosten saavuttamiseksi<\/li><\/ul><p>Oikealla laitteella ja oikealla k\u00e4yt\u00f6ll\u00e4 voit tarjota potilaillesi turvallisia ja pitk\u00e4kestoisia tuloksia.<\/p><h2>Mik\u00e4 laser on paras karvanpoistoon?<\/h2><p>Laserin valinta riippuu ihotyypist\u00e4, karvojen v\u00e4rist\u00e4 ja hoidettavasta alueesta. EBS medicalilta saat opastusta siihen, mik\u00e4 laserkarvanpoistolaite sopii parhaiten tarpeisiisi. Autamme sinua l\u00f6yt\u00e4m\u00e4\u00e4n laitteen, joka on tehokas ja turvallinen varmistaen samalla miellytt\u00e4v\u00e4n potilaskokemuksen.  <\/p><h2>Laserkarvanpoistolaitteiden hinnat<\/h2><p>Laserkarvanpoistolaitteen hinta vaihtelee mallin ja ominaisuuksien mukaan. EBS medicalilta saat neuvoja hinnoista ja hinnoittelusta, jotta l\u00f6yd\u00e4t ratkaisun, joka sopii klinikkasi budjettiin ja hoitom\u00e4\u00e4r\u00e4\u00e4n. Autamme sinua my\u00f6s arvioimaan investoinnin arvon suhteessa potilastyytyv\u00e4isyyteen ja klinikan hoitovaihtoehtoihin.  <\/p><h2>Vinkkej\u00e4 hiuslaserlaitteen optimaaliseen k\u00e4ytt\u00f6\u00f6n<\/h2><p>Saadaksesi parhaat tulokset laserkarvanpoistolla, voit saada apua seuraaviin asioihin:<\/p><ul><li>Oikean laserin valinta eri ihotyypeille ja hiusv\u00e4reille<\/li><li>Suunnitella hoitojaksoja ja toistoja optimaalisen vaikutuksen saavuttamiseksi<\/li><li>Laitteen tehokas integrointi klinikan olemassa oleviin hoitotarjontoihin<\/li><\/ul><p>Ammattimaisen ohjauksen avulla voit tarjota turvallisia, tehokkaita ja mukavia hoitoja, jotka houkuttelevat enemm\u00e4n potilaita.<\/p><h2>Ota yhteytt\u00e4<\/h2><p>Kun haluat varmistaa, ett\u00e4 klinikkasi saa oikean laserkarvanpoistolaitteen, voit <a href=\"https:\/\/ebs-medical.com\/fi\/yhteystiedot\/\">ottaa yhteytt\u00e4<\/a> EBS medicaliin saadaksesi henkil\u00f6kohtaista ohjausta ja sitoumuksettoman tarjouksen. Voit soittaa suoraan numeroon <a href=\"tel:42676858\">42 67 68 58<\/a> tai l\u00e4hett\u00e4\u00e4 s\u00e4hk\u00f6postia osoitteeseen <a href=\"mailto:info@ebs-medical.com\">info@ebs-medical.com<\/a> , niin autamme sinua valitsemaan tarpeisiisi parhaiten sopivan laitteen. Olemme valmiita vastaamaan kysymyksiisi ja varmistamaan, ett\u00e4 voit tarjota turvallisia ja tehokkaita hoitoja ammattimaisilla laitteilla. Meill\u00e4 on kaikkea <a href=\"https:\/\/ebs-medical.com\/fedtfrysning-maskine-til-klinikker-og-behandlinger\/\">rasvanj\u00e4\u00e4dytyslaitteista<\/a> <a href=\"https:\/\/ebs-medical.com\/fi\/tatuoinnin-poistolaite-klinikoille-ja-ammattilaisille\/\">tatuoinnin poistolaitteisiin<\/a> .  <\/p>\t\t\t\t\t\t\t\t<\/div>\n\t\t\t\t<\/div>\n\t\t\t\t<\/div>\n\t\t<div class=\"elementor-element elementor-element-4897808 e-con-full e-flex e-con e-child\" data-id=\"4897808\" data-element_type=\"container\" data-e-type=\"container\">\n\t\t\t\t<div class=\"elementor-element elementor-element-d6e8d55 elementor-widget elementor-widget-image\" data-id=\"d6e8d55\" data-element_type=\"widget\" data-e-type=\"widget\" data-widget_type=\"image.default\">\n\t\t\t\t<div class=\"elementor-widget-container\">\n\t\t\t\t\t\t\t\t\t\t\t\t\t\t\t<img fetchpriority=\"high\" decoding=\"async\" width=\"2048\" height=\"991\" src=\"https:\/\/ebs-medical.com\/wp-content\/uploads\/2025\/08\/Stor-erfaring-i-medicinsk-laserudstyr-scaled-1.jpg\" class=\"attachment-full size-full wp-image-9721\" alt=\"\" srcset=\"https:\/\/ebs-medical.com\/wp-content\/uploads\/2025\/08\/Stor-erfaring-i-medicinsk-laserudstyr-scaled-1.jpg 2048w, https:\/\/ebs-medical.com\/wp-content\/uploads\/2025\/08\/Stor-erfaring-i-medicinsk-laserudstyr-scaled-1-500x242.jpg 500w, https:\/\/ebs-medical.com\/wp-content\/uploads\/2025\/08\/Stor-erfaring-i-medicinsk-laserudstyr-scaled-1-1000x484.jpg 1000w, https:\/\/ebs-medical.com\/wp-content\/uploads\/2025\/08\/Stor-erfaring-i-medicinsk-laserudstyr-scaled-1-768x372.jpg 768w, https:\/\/ebs-medical.com\/wp-content\/uploads\/2025\/08\/Stor-erfaring-i-medicinsk-laserudstyr-scaled-1-1536x743.jpg 1536w\" sizes=\"(max-width: 2048px) 100vw, 2048px\" \/>\t\t\t\t\t\t\t\t\t\t\t\t\t\t\t<\/div>\n\t\t\t\t<\/div>\n\t\t<div class=\"elementor-element elementor-element-7318bdd e-con-full accent e-flex e-con e-child\" data-id=\"7318bdd\" data-element_type=\"container\" data-e-type=\"container\" data-settings=\"{&quot;background_background&quot;:&quot;classic&quot;}\">\n\t\t\t\t<div class=\"elementor-element elementor-element-8204e04 elementor-widget elementor-widget-text-editor\" data-id=\"8204e04\" data-element_type=\"widget\" data-e-type=\"widget\" data-widget_type=\"text-editor.default\">\n\t\t\t\t<div class=\"elementor-widget-container\">\n\t\t\t\t\t\t\t\t\t<h3>Onko sinulla kysytt\u00e4v\u00e4\u00e4 tai haluatko sitoumuksettoman tarjouksen?<\/h3><p><\/p>\t\t\t\t\t\t\t\t<\/div>\n\t\t\t\t<\/div>\n\t\t\t\t<div class=\"elementor-element elementor-element-8b470af elementor-widget elementor-widget-shortcode\" data-id=\"8b470af\" data-element_type=\"widget\" data-e-type=\"widget\" data-widget_type=\"shortcode.default\">\n\t\t\t\t<div class=\"elementor-widget-container\">\n\t\t\t\t\t\t\t<div class=\"elementor-shortcode\"><form id=\"forminator-module-66\" class=\"forminator-custom-form forminator-custom-form-66\" method=\"post\" data-forminator-render=\"0\" data-uid=\"69d0b712bd01e\"><div role=\"alert\" aria-live=\"polite\" class=\"forminator-response-message forminator-error\" aria-hidden=\"true\"><\/div><\/form><\/div>\n\t\t\t\t\t\t<\/div>\n\t\t\t\t<\/div>\n\t\t\t\t<\/div>\n\t\t\t\t<\/div>\n\t\t\t\t\t<\/div>\n\t\t\t\t<\/div>\n\t\t\t\t<\/div>\n\t\t","protected":false},"excerpt":{"rendered":"<p>Ammattimainen opas karvanpoistolaitteiden valintaan Kun etsit laserkarvanpoistolaitetta klinikallesi, voit saada apua oikean ratkaisun l\u00f6yt\u00e4miseen tarpeisiisi. EBS medicalilla autamme yrityksi\u00e4 valtakunnallisesti laserkarvanpoistolaitteiden kanssa, jotta laitteet toimivat optimaalisesti ja hoitoprosessit suoritetaan turvallisesti ja tehokkaasti. Kolmen vuosikymmenen kokemuksella l\u00e4\u00e4ketieteellisist\u00e4 laserlaitteista ja useilta valmistajilta saadulla koulutuksella saat ohjausta, joka varmistaa ammattimaiset tulokset ja tyytyv\u00e4iset potilaat. Laserkarvanpoistolaitteen edut Hiuslaserlaite mahdollistaa &#8230; <a title=\"Laserkarvanpoistolaite klinikoille ja ammattilaisille\" class=\"read-more\" href=\"https:\/\/ebs-medical.com\/fi\/laserkarvanpoistolaite-klinikoille-ja-ammattilaisille\/\" aria-label=\"Lue lis\u00e4\u00e4 aiheesta Laserkarvanpoistolaite klinikoille ja ammattilaisille\">Lue lis\u00e4\u00e4<\/a><\/p>\n","protected":false},"author":5,"featured_media":0,"parent":0,"menu_order":0,"comment_status":"closed","ping_status":"closed","template":"","meta":{"_acf_changed":false,"footnotes":""},"categories":[127],"class_list":{"0":"post-12179","1":"page","2":"type-page","3":"status-publish","5":"category-uutiset"},"acf":[],"yoast_head":"<!-- This site is optimized with the Yoast SEO plugin v27.3 - https:\/\/yoast.com\/product\/yoast-seo-wordpress\/ -->\n<title>Laserkarvanpoistolaite | Ammattimaista neuvontaa | EBS medical<\/title>\n<meta name=\"description\" content=\"Laserkarvanpoistolaite | Hanki neuvoja siit\u00e4, mik\u00e4 laite sopii klinikan tarpeisiin ja potilasprofiiliin | EBS medical\" \/>\n<meta name=\"robots\" content=\"index, follow, max-snippet:-1, max-image-preview:large, max-video-preview:-1\" \/>\n<link rel=\"canonical\" href=\"https:\/\/ebs-medical.com\/fi\/laserkarvanpoistolaite-klinikoille-ja-ammattilaisille\/\" \/>\n<meta property=\"og:locale\" content=\"fi_FI\" \/>\n<meta property=\"og:type\" content=\"article\" \/>\n<meta property=\"og:title\" content=\"Laserkarvanpoistolaite | Ammattimaista neuvontaa | EBS medical\" \/>\n<meta property=\"og:description\" content=\"Laserkarvanpoistolaite | Hanki neuvoja siit\u00e4, mik\u00e4 laite sopii klinikan tarpeisiin ja potilasprofiiliin | EBS medical\" \/>\n<meta property=\"og:url\" content=\"https:\/\/ebs-medical.com\/fi\/laserkarvanpoistolaite-klinikoille-ja-ammattilaisille\/\" \/>\n<meta property=\"og:site_name\" content=\"EBS medical\" \/>\n<meta property=\"article:modified_time\" content=\"2026-02-19T12:54:47+00:00\" \/>\n<meta property=\"og:image\" content=\"https:\/\/ebs-medical.com\/wp-content\/uploads\/2025\/08\/Stor-erfaring-i-medicinsk-laserudstyr-scaled-1.jpg\" \/>\n\t<meta property=\"og:image:width\" content=\"2048\" \/>\n\t<meta property=\"og:image:height\" content=\"991\" \/>\n\t<meta property=\"og:image:type\" content=\"image\/jpeg\" \/>\n<meta name=\"twitter:card\" content=\"summary_large_image\" \/>\n<meta name=\"twitter:label1\" content=\"Arvioitu lukuaika\" \/>\n\t<meta name=\"twitter:data1\" content=\"2 minuuttia\" \/>\n<script type=\"application\/ld+json\" class=\"yoast-schema-graph\">{\"@context\":\"https:\\\/\\\/schema.org\",\"@graph\":[{\"@type\":\"WebPage\",\"@id\":\"https:\\\/\\\/ebs-medical.com\\\/fi\\\/laserkarvanpoistolaite-klinikoille-ja-ammattilaisille\\\/\",\"url\":\"https:\\\/\\\/ebs-medical.com\\\/fi\\\/laserkarvanpoistolaite-klinikoille-ja-ammattilaisille\\\/\",\"name\":\"Laserkarvanpoistolaite | Ammattimaista neuvontaa | EBS medical\",\"isPartOf\":{\"@id\":\"https:\\\/\\\/ebs-medical.com\\\/fi\\\/#website\"},\"primaryImageOfPage\":{\"@id\":\"https:\\\/\\\/ebs-medical.com\\\/fi\\\/laserkarvanpoistolaite-klinikoille-ja-ammattilaisille\\\/#primaryimage\"},\"image\":{\"@id\":\"https:\\\/\\\/ebs-medical.com\\\/fi\\\/laserkarvanpoistolaite-klinikoille-ja-ammattilaisille\\\/#primaryimage\"},\"thumbnailUrl\":\"https:\\\/\\\/ebs-medical.com\\\/wp-content\\\/uploads\\\/2025\\\/08\\\/Stor-erfaring-i-medicinsk-laserudstyr-scaled-1.jpg\",\"datePublished\":\"2025-10-22T07:39:15+00:00\",\"dateModified\":\"2026-02-19T12:54:47+00:00\",\"description\":\"Laserkarvanpoistolaite | Hanki neuvoja siit\u00e4, mik\u00e4 laite sopii klinikan tarpeisiin ja potilasprofiiliin | EBS medical\",\"breadcrumb\":{\"@id\":\"https:\\\/\\\/ebs-medical.com\\\/fi\\\/laserkarvanpoistolaite-klinikoille-ja-ammattilaisille\\\/#breadcrumb\"},\"inLanguage\":\"fi\",\"potentialAction\":[{\"@type\":\"ReadAction\",\"target\":[\"https:\\\/\\\/ebs-medical.com\\\/fi\\\/laserkarvanpoistolaite-klinikoille-ja-ammattilaisille\\\/\"]}]},{\"@type\":\"ImageObject\",\"inLanguage\":\"fi\",\"@id\":\"https:\\\/\\\/ebs-medical.com\\\/fi\\\/laserkarvanpoistolaite-klinikoille-ja-ammattilaisille\\\/#primaryimage\",\"url\":\"https:\\\/\\\/ebs-medical.com\\\/wp-content\\\/uploads\\\/2025\\\/08\\\/Stor-erfaring-i-medicinsk-laserudstyr-scaled-1.jpg\",\"contentUrl\":\"https:\\\/\\\/ebs-medical.com\\\/wp-content\\\/uploads\\\/2025\\\/08\\\/Stor-erfaring-i-medicinsk-laserudstyr-scaled-1.jpg\"},{\"@type\":\"BreadcrumbList\",\"@id\":\"https:\\\/\\\/ebs-medical.com\\\/fi\\\/laserkarvanpoistolaite-klinikoille-ja-ammattilaisille\\\/#breadcrumb\",\"itemListElement\":[{\"@type\":\"ListItem\",\"position\":1,\"name\":\"Forside\",\"item\":\"https:\\\/\\\/ebs-medical.com\\\/fi\\\/\"},{\"@type\":\"ListItem\",\"position\":2,\"name\":\"Laserkarvanpoistolaite klinikoille ja ammattilaisille\"}]},{\"@type\":\"WebSite\",\"@id\":\"https:\\\/\\\/ebs-medical.com\\\/fi\\\/#website\",\"url\":\"https:\\\/\\\/ebs-medical.com\\\/fi\\\/\",\"name\":\"EBS medical\",\"description\":\"Udstyr til fjernelse af tatovering, rynker og h\u00e5r, samt fedtfrysning\",\"publisher\":{\"@id\":\"https:\\\/\\\/ebs-medical.com\\\/fi\\\/#organization\"},\"potentialAction\":[{\"@type\":\"SearchAction\",\"target\":{\"@type\":\"EntryPoint\",\"urlTemplate\":\"https:\\\/\\\/ebs-medical.com\\\/fi\\\/?s={search_term_string}\"},\"query-input\":{\"@type\":\"PropertyValueSpecification\",\"valueRequired\":true,\"valueName\":\"search_term_string\"}}],\"inLanguage\":\"fi\"},{\"@type\":\"Organization\",\"@id\":\"https:\\\/\\\/ebs-medical.com\\\/fi\\\/#organization\",\"name\":\"EBS medical\",\"url\":\"https:\\\/\\\/ebs-medical.com\\\/fi\\\/\",\"logo\":{\"@type\":\"ImageObject\",\"inLanguage\":\"fi\",\"@id\":\"https:\\\/\\\/ebs-medical.com\\\/fi\\\/#\\\/schema\\\/logo\\\/image\\\/\",\"url\":\"https:\\\/\\\/ebs-medical.com\\\/wp-content\\\/uploads\\\/2025\\\/08\\\/logo.png\",\"contentUrl\":\"https:\\\/\\\/ebs-medical.com\\\/wp-content\\\/uploads\\\/2025\\\/08\\\/logo.png\",\"width\":246,\"height\":103,\"caption\":\"EBS medical\"},\"image\":{\"@id\":\"https:\\\/\\\/ebs-medical.com\\\/fi\\\/#\\\/schema\\\/logo\\\/image\\\/\"}}]}<\/script>\n<!-- \/ Yoast SEO plugin. -->","yoast_head_json":{"title":"Laserkarvanpoistolaite | Ammattimaista neuvontaa | EBS medical","description":"Laserkarvanpoistolaite | Hanki neuvoja siit\u00e4, mik\u00e4 laite sopii klinikan tarpeisiin ja potilasprofiiliin | EBS medical","robots":{"index":"index","follow":"follow","max-snippet":"max-snippet:-1","max-image-preview":"max-image-preview:large","max-video-preview":"max-video-preview:-1"},"canonical":"https:\/\/ebs-medical.com\/fi\/laserkarvanpoistolaite-klinikoille-ja-ammattilaisille\/","og_locale":"fi_FI","og_type":"article","og_title":"Laserkarvanpoistolaite | Ammattimaista neuvontaa | EBS medical","og_description":"Laserkarvanpoistolaite | Hanki neuvoja siit\u00e4, mik\u00e4 laite sopii klinikan tarpeisiin ja potilasprofiiliin | EBS medical","og_url":"https:\/\/ebs-medical.com\/fi\/laserkarvanpoistolaite-klinikoille-ja-ammattilaisille\/","og_site_name":"EBS medical","article_modified_time":"2026-02-19T12:54:47+00:00","og_image":[{"width":2048,"height":991,"url":"https:\/\/ebs-medical.com\/wp-content\/uploads\/2025\/08\/Stor-erfaring-i-medicinsk-laserudstyr-scaled-1.jpg","type":"image\/jpeg"}],"twitter_card":"summary_large_image","twitter_misc":{"Arvioitu lukuaika":"2 minuuttia"},"schema":{"@context":"https:\/\/schema.org","@graph":[{"@type":"WebPage","@id":"https:\/\/ebs-medical.com\/fi\/laserkarvanpoistolaite-klinikoille-ja-ammattilaisille\/","url":"https:\/\/ebs-medical.com\/fi\/laserkarvanpoistolaite-klinikoille-ja-ammattilaisille\/","name":"Laserkarvanpoistolaite | Ammattimaista neuvontaa | EBS medical","isPartOf":{"@id":"https:\/\/ebs-medical.com\/fi\/#website"},"primaryImageOfPage":{"@id":"https:\/\/ebs-medical.com\/fi\/laserkarvanpoistolaite-klinikoille-ja-ammattilaisille\/#primaryimage"},"image":{"@id":"https:\/\/ebs-medical.com\/fi\/laserkarvanpoistolaite-klinikoille-ja-ammattilaisille\/#primaryimage"},"thumbnailUrl":"https:\/\/ebs-medical.com\/wp-content\/uploads\/2025\/08\/Stor-erfaring-i-medicinsk-laserudstyr-scaled-1.jpg","datePublished":"2025-10-22T07:39:15+00:00","dateModified":"2026-02-19T12:54:47+00:00","description":"Laserkarvanpoistolaite | Hanki neuvoja siit\u00e4, mik\u00e4 laite sopii klinikan tarpeisiin ja potilasprofiiliin | EBS medical","breadcrumb":{"@id":"https:\/\/ebs-medical.com\/fi\/laserkarvanpoistolaite-klinikoille-ja-ammattilaisille\/#breadcrumb"},"inLanguage":"fi","potentialAction":[{"@type":"ReadAction","target":["https:\/\/ebs-medical.com\/fi\/laserkarvanpoistolaite-klinikoille-ja-ammattilaisille\/"]}]},{"@type":"ImageObject","inLanguage":"fi","@id":"https:\/\/ebs-medical.com\/fi\/laserkarvanpoistolaite-klinikoille-ja-ammattilaisille\/#primaryimage","url":"https:\/\/ebs-medical.com\/wp-content\/uploads\/2025\/08\/Stor-erfaring-i-medicinsk-laserudstyr-scaled-1.jpg","contentUrl":"https:\/\/ebs-medical.com\/wp-content\/uploads\/2025\/08\/Stor-erfaring-i-medicinsk-laserudstyr-scaled-1.jpg"},{"@type":"BreadcrumbList","@id":"https:\/\/ebs-medical.com\/fi\/laserkarvanpoistolaite-klinikoille-ja-ammattilaisille\/#breadcrumb","itemListElement":[{"@type":"ListItem","position":1,"name":"Forside","item":"https:\/\/ebs-medical.com\/fi\/"},{"@type":"ListItem","position":2,"name":"Laserkarvanpoistolaite klinikoille ja ammattilaisille"}]},{"@type":"WebSite","@id":"https:\/\/ebs-medical.com\/fi\/#website","url":"https:\/\/ebs-medical.com\/fi\/","name":"EBS medical","description":"Udstyr til fjernelse af tatovering, rynker og h\u00e5r, samt fedtfrysning","publisher":{"@id":"https:\/\/ebs-medical.com\/fi\/#organization"},"potentialAction":[{"@type":"SearchAction","target":{"@type":"EntryPoint","urlTemplate":"https:\/\/ebs-medical.com\/fi\/?s={search_term_string}"},"query-input":{"@type":"PropertyValueSpecification","valueRequired":true,"valueName":"search_term_string"}}],"inLanguage":"fi"},{"@type":"Organization","@id":"https:\/\/ebs-medical.com\/fi\/#organization","name":"EBS medical","url":"https:\/\/ebs-medical.com\/fi\/","logo":{"@type":"ImageObject","inLanguage":"fi","@id":"https:\/\/ebs-medical.com\/fi\/#\/schema\/logo\/image\/","url":"https:\/\/ebs-medical.com\/wp-content\/uploads\/2025\/08\/logo.png","contentUrl":"https:\/\/ebs-medical.com\/wp-content\/uploads\/2025\/08\/logo.png","width":246,"height":103,"caption":"EBS medical"},"image":{"@id":"https:\/\/ebs-medical.com\/fi\/#\/schema\/logo\/image\/"}}]}},"_links":{"self":[{"href":"https:\/\/ebs-medical.com\/fi\/wp-json\/wp\/v2\/pages\/12179","targetHints":{"allow":["GET"]}}],"collection":[{"href":"https:\/\/ebs-medical.com\/fi\/wp-json\/wp\/v2\/pages"}],"about":[{"href":"https:\/\/ebs-medical.com\/fi\/wp-json\/wp\/v2\/types\/page"}],"author":[{"embeddable":true,"href":"https:\/\/ebs-medical.com\/fi\/wp-json\/wp\/v2\/users\/5"}],"replies":[{"embeddable":true,"href":"https:\/\/ebs-medical.com\/fi\/wp-json\/wp\/v2\/comments?post=12179"}],"version-history":[{"count":1,"href":"https:\/\/ebs-medical.com\/fi\/wp-json\/wp\/v2\/pages\/12179\/revisions"}],"predecessor-version":[{"id":12180,"href":"https:\/\/ebs-medical.com\/fi\/wp-json\/wp\/v2\/pages\/12179\/revisions\/12180"}],"wp:attachment":[{"href":"https:\/\/ebs-medical.com\/fi\/wp-json\/wp\/v2\/media?parent=12179"}],"wp:term":[{"taxonomy":"category","embeddable":true,"href":"https:\/\/ebs-medical.com\/fi\/wp-json\/wp\/v2\/categories?post=12179"}],"curies":[{"name":"wp","href":"https:\/\/api.w.org\/{rel}","templated":true}]}}