{"id":11480,"date":"2025-08-01T13:59:21","date_gmt":"2025-08-01T11:59:21","guid":{"rendered":"https:\/\/ebs-medical.com\/kipeae\/"},"modified":"2025-10-28T12:51:16","modified_gmt":"2025-10-28T11:51:16","slug":"kipeae","status":"publish","type":"page","link":"https:\/\/ebs-medical.com\/fi\/kipeae\/","title":{"rendered":"Minusta"},"content":{"rendered":"\t\t<div data-elementor-type=\"wp-page\" data-elementor-id=\"11480\" class=\"elementor elementor-11480 elementor-9604\" data-elementor-post-type=\"page\">\n\t\t\t\t<div class=\"elementor-element elementor-element-644b2b5 e-con-full no-padding e-flex e-con e-parent\" data-id=\"644b2b5\" data-element_type=\"container\" data-e-type=\"container\">\n\t\t\t\t<div class=\"elementor-element elementor-element-5b50f80c elementor-widget elementor-widget-template\" data-id=\"5b50f80c\" data-element_type=\"widget\" data-e-type=\"widget\" data-widget_type=\"template.default\">\n\t\t\t\t<div class=\"elementor-widget-container\">\n\t\t\t\t\t\t\t<div class=\"elementor-template\">\n\t\t\t\t\t<div data-elementor-type=\"container\" data-elementor-id=\"11945\" class=\"elementor elementor-11945 elementor-6542\" data-elementor-post-type=\"elementor_library\">\n\t\t\t\t<div class=\"elementor-element elementor-element-2bc4b5ab white e-flex e-con-boxed e-con e-parent\" data-id=\"2bc4b5ab\" data-element_type=\"container\" data-e-type=\"container\" data-settings=\"{&quot;background_background&quot;:&quot;classic&quot;}\">\n\t\t\t\t\t<div class=\"e-con-inner\">\n\t\t\t\t<div class=\"elementor-element elementor-element-1d645c29 elementor-icon-list--layout-inline elementor-align-center elementor-list-item-link-full_width elementor-widget elementor-widget-icon-list\" data-id=\"1d645c29\" data-element_type=\"widget\" data-e-type=\"widget\" data-widget_type=\"icon-list.default\">\n\t\t\t\t<div class=\"elementor-widget-container\">\n\t\t\t\t\t\t\t<ul class=\"elementor-icon-list-items elementor-inline-items\">\n\t\t\t\t\t\t\t<li class=\"elementor-icon-list-item elementor-inline-item\">\n\t\t\t\t\t\t\t\t\t\t<span class=\"elementor-icon-list-text\"><a href=\"tel:+45 42 67 68 58\" aria-label=\"Telefon nummer\">+45 42 67 68 58<\/a><\/span>\n\t\t\t\t\t\t\t\t\t<\/li>\n\t\t\t\t\t\t\t\t<li class=\"elementor-icon-list-item elementor-inline-item\">\n\t\t\t\t\t\t\t\t\t\t<span class=\"elementor-icon-list-text\"><a href=\"mailto:info@ebs-medical.com\" aria-label=\"Email adresse\">info@ebs-medical.com<\/a><\/span>\n\t\t\t\t\t\t\t\t\t<\/li>\n\t\t\t\t\t\t<\/ul>\n\t\t\t\t\t\t<\/div>\n\t\t\t\t<\/div>\n\t\t\t\t\t<\/div>\n\t\t\t\t<\/div>\n\t\t\t\t<\/div>\n\t\t\t\t<\/div>\n\t\t\t\t\t\t<\/div>\n\t\t\t\t<\/div>\n\t\t\t\t<\/div>\n\t\t<div class=\"elementor-element elementor-element-b202437 e-flex e-con-boxed e-con e-parent\" data-id=\"b202437\" data-element_type=\"container\" data-e-type=\"container\">\n\t\t\t\t\t<div class=\"e-con-inner\">\n\t\t<div class=\"elementor-element elementor-element-f2200ed e-con-full e-flex e-con e-child\" data-id=\"f2200ed\" data-element_type=\"container\" data-e-type=\"container\">\n\t\t\t\t<div class=\"elementor-element elementor-element-cb45731 elementor-widget elementor-widget-text-editor\" data-id=\"cb45731\" data-element_type=\"widget\" data-e-type=\"widget\" data-widget_type=\"text-editor.default\">\n\t\t\t\t<div class=\"elementor-widget-container\">\n\t\t\t\t\t\t\t\t\t<h2 aria-level=\"2\">Kolmen vuosikymmenen kokemus l\u00e4\u00e4ketieteellisist\u00e4 laserlaitteista<\/h2><p>EBS Medical on laajan valikoiman ammattimaisia \u200b\u200bkosmeettisia l\u00e4\u00e4ketieteellisi\u00e4 lasereita ja muita laitteita klinikoille, sairaaloille ja yksityisvastaanotoille. Yli 28 vuoden kokemuksella l\u00e4\u00e4ketieteellisist\u00e4 laitteista ja erityisesti lasereista sek\u00e4 useiden valmistajien kanssa tehdyll\u00e4 koulutuksella meill\u00e4 on taito palvella laajaa tuotemerkkien valikoimaa. <\/p><p>Yritys on yksityisomistuksessa, ja se perustettiin vuonna 2016 nimell\u00e4 EBS Electronic. Vuonna 2021 muutimme nimemme EBS Medicaliksi, ja se on nimemme t\u00e4n\u00e4kin p\u00e4iv\u00e4n\u00e4. Asiakkaamme ja yhteisty\u00f6kumppanimme sijaitsevat kaikkialla Pohjoismaissa, ja hyvi\u00e4 asiakassuhteita ja kumppanuuksia tukee tavoitteemme luoda asiakkaillemme turvallinen ymp\u00e4rist\u00f6 ja varmistaa, ett\u00e4 heid\u00e4n l\u00e4\u00e4ketieteelliset laserlaitteensa toimivat aina oikein.  <\/p><p>EBS Medical on rekister\u00f6ity Tanskan l\u00e4\u00e4kevirastoon ja EUDAMEDiin.<\/p>\t\t\t\t\t\t\t\t<\/div>\n\t\t\t\t<\/div>\n\t\t\t\t<\/div>\n\t\t<div class=\"elementor-element elementor-element-e47c01b e-con-full e-flex e-con e-child\" data-id=\"e47c01b\" data-element_type=\"container\" data-e-type=\"container\">\n\t\t\t\t<div class=\"elementor-element elementor-element-aebc590 elementor-widget elementor-widget-image\" data-id=\"aebc590\" data-element_type=\"widget\" data-e-type=\"widget\" data-widget_type=\"image.default\">\n\t\t\t\t<div class=\"elementor-widget-container\">\n\t\t\t\t\t\t\t\t\t\t\t\t\t\t\t<img fetchpriority=\"high\" decoding=\"async\" width=\"2048\" height=\"991\" src=\"https:\/\/ebs-medical.com\/wp-content\/uploads\/2025\/08\/Stor-erfaring-i-medicinsk-laserudstyr-scaled-1.jpg\" class=\"attachment-full size-full wp-image-9721\" alt=\"\" srcset=\"https:\/\/ebs-medical.com\/wp-content\/uploads\/2025\/08\/Stor-erfaring-i-medicinsk-laserudstyr-scaled-1.jpg 2048w, https:\/\/ebs-medical.com\/wp-content\/uploads\/2025\/08\/Stor-erfaring-i-medicinsk-laserudstyr-scaled-1-500x242.jpg 500w, https:\/\/ebs-medical.com\/wp-content\/uploads\/2025\/08\/Stor-erfaring-i-medicinsk-laserudstyr-scaled-1-1000x484.jpg 1000w, https:\/\/ebs-medical.com\/wp-content\/uploads\/2025\/08\/Stor-erfaring-i-medicinsk-laserudstyr-scaled-1-768x372.jpg 768w, https:\/\/ebs-medical.com\/wp-content\/uploads\/2025\/08\/Stor-erfaring-i-medicinsk-laserudstyr-scaled-1-1536x743.jpg 1536w\" sizes=\"(max-width: 2048px) 100vw, 2048px\" \/>\t\t\t\t\t\t\t\t\t\t\t\t\t\t\t<\/div>\n\t\t\t\t<\/div>\n\t\t<div class=\"elementor-element elementor-element-0b78568 e-con-full accent e-flex e-con e-child\" data-id=\"0b78568\" data-element_type=\"container\" data-e-type=\"container\" data-settings=\"{&quot;background_background&quot;:&quot;classic&quot;}\">\n\t\t\t\t<div class=\"elementor-element elementor-element-d12658e elementor-widget elementor-widget-text-editor\" data-id=\"d12658e\" data-element_type=\"widget\" data-e-type=\"widget\" data-widget_type=\"text-editor.default\">\n\t\t\t\t<div class=\"elementor-widget-container\">\n\t\t\t\t\t\t\t\t\t<h3>Onko sinulla kysytt\u00e4v\u00e4\u00e4 tai haluatko sitoumuksettoman tarjouksen?<\/h3><p>YhteystiedotEBS medical t\u00e4n\u00e4\u00e4n p\u00e4tev\u00e4\u00e4 sparrausta ja neuvoja varten.<\/p>\t\t\t\t\t\t\t\t<\/div>\n\t\t\t\t<\/div>\n\t\t\t\t<div class=\"elementor-element elementor-element-a9e19ae elementor-widget elementor-widget-shortcode\" data-id=\"a9e19ae\" data-element_type=\"widget\" data-e-type=\"widget\" data-widget_type=\"shortcode.default\">\n\t\t\t\t<div class=\"elementor-widget-container\">\n\t\t\t\t\t\t\t<div class=\"elementor-shortcode\"><form id=\"forminator-module-66\" class=\"forminator-custom-form forminator-custom-form-66\" method=\"post\" data-forminator-render=\"0\" data-uid=\"69dfede89ec60\"><div role=\"alert\" aria-live=\"polite\" class=\"forminator-response-message forminator-error\" aria-hidden=\"true\"><\/div><\/form><\/div>\n\t\t\t\t\t\t<\/div>\n\t\t\t\t<\/div>\n\t\t\t\t<\/div>\n\t\t\t\t<\/div>\n\t\t\t\t\t<\/div>\n\t\t\t\t<\/div>\n\t\t\t\t<\/div>\n\t\t","protected":false},"excerpt":{"rendered":"<p>Kolmen vuosikymmenen kokemus l\u00e4\u00e4ketieteellisist\u00e4 laserlaitteista EBS Medical on laajan valikoiman ammattimaisia \u200b\u200bkosmeettisia l\u00e4\u00e4ketieteellisi\u00e4 lasereita ja muita laitteita klinikoille, sairaaloille ja yksityisvastaanotoille. Yli 28 vuoden kokemuksella l\u00e4\u00e4ketieteellisist\u00e4 laitteista ja erityisesti lasereista sek\u00e4 useiden valmistajien kanssa tehdyll\u00e4 koulutuksella meill\u00e4 on taito palvella laajaa tuotemerkkien valikoimaa. Yritys on yksityisomistuksessa, ja se perustettiin vuonna 2016 nimell\u00e4 EBS Electronic. Vuonna &#8230; <a title=\"Minusta\" class=\"read-more\" href=\"https:\/\/ebs-medical.com\/fi\/kipeae\/\" aria-label=\"Lue lis\u00e4\u00e4 aiheesta Minusta\">Lue lis\u00e4\u00e4<\/a><\/p>\n","protected":false},"author":1,"featured_media":0,"parent":0,"menu_order":0,"comment_status":"closed","ping_status":"closed","template":"","meta":{"_acf_changed":false,"footnotes":""},"categories":[],"class_list":["post-11480","page","type-page","status-publish"],"acf":[],"yoast_head":"<!-- This site is optimized with the Yoast SEO plugin v27.4 - https:\/\/yoast.com\/product\/yoast-seo-wordpress\/ -->\n<title>Tietoja | EBS medical<\/title>\n<meta name=\"description\" content=\"Tietoja | EBS medical\" \/>\n<meta name=\"robots\" content=\"index, follow, max-snippet:-1, max-image-preview:large, max-video-preview:-1\" \/>\n<link rel=\"canonical\" href=\"https:\/\/ebs-medical.com\/fi\/kipeae\/\" \/>\n<meta property=\"og:locale\" content=\"fi_FI\" \/>\n<meta property=\"og:type\" content=\"article\" \/>\n<meta property=\"og:title\" content=\"Tietoja | EBS medical\" \/>\n<meta property=\"og:description\" content=\"Tietoja | EBS medical\" \/>\n<meta property=\"og:url\" content=\"https:\/\/ebs-medical.com\/fi\/kipeae\/\" \/>\n<meta property=\"og:site_name\" content=\"EBS medical\" \/>\n<meta property=\"article:modified_time\" content=\"2025-10-28T11:51:16+00:00\" \/>\n<meta property=\"og:image\" content=\"https:\/\/ebs-medical.com\/wp-content\/uploads\/2025\/08\/Stor-erfaring-i-medicinsk-laserudstyr-scaled-1.jpg\" \/>\n\t<meta property=\"og:image:width\" content=\"2048\" \/>\n\t<meta property=\"og:image:height\" content=\"991\" \/>\n\t<meta property=\"og:image:type\" content=\"image\/jpeg\" \/>\n<meta name=\"twitter:card\" content=\"summary_large_image\" \/>\n<meta name=\"twitter:label1\" content=\"Arvioitu lukuaika\" \/>\n\t<meta name=\"twitter:data1\" content=\"1 minuutti\" \/>\n<script type=\"application\/ld+json\" class=\"yoast-schema-graph\">{\"@context\":\"https:\\\/\\\/schema.org\",\"@graph\":[{\"@type\":\"WebPage\",\"@id\":\"https:\\\/\\\/ebs-medical.com\\\/fi\\\/kipeae\\\/\",\"url\":\"https:\\\/\\\/ebs-medical.com\\\/fi\\\/kipeae\\\/\",\"name\":\"Tietoja | EBS medical\",\"isPartOf\":{\"@id\":\"https:\\\/\\\/ebs-medical.com\\\/fi\\\/#website\"},\"primaryImageOfPage\":{\"@id\":\"https:\\\/\\\/ebs-medical.com\\\/fi\\\/kipeae\\\/#primaryimage\"},\"image\":{\"@id\":\"https:\\\/\\\/ebs-medical.com\\\/fi\\\/kipeae\\\/#primaryimage\"},\"thumbnailUrl\":\"https:\\\/\\\/ebs-medical.com\\\/wp-content\\\/uploads\\\/2025\\\/08\\\/Stor-erfaring-i-medicinsk-laserudstyr-scaled-1.jpg\",\"datePublished\":\"2025-08-01T11:59:21+00:00\",\"dateModified\":\"2025-10-28T11:51:16+00:00\",\"description\":\"Tietoja | EBS medical\",\"breadcrumb\":{\"@id\":\"https:\\\/\\\/ebs-medical.com\\\/fi\\\/kipeae\\\/#breadcrumb\"},\"inLanguage\":\"fi\",\"potentialAction\":[{\"@type\":\"ReadAction\",\"target\":[\"https:\\\/\\\/ebs-medical.com\\\/fi\\\/kipeae\\\/\"]}]},{\"@type\":\"ImageObject\",\"inLanguage\":\"fi\",\"@id\":\"https:\\\/\\\/ebs-medical.com\\\/fi\\\/kipeae\\\/#primaryimage\",\"url\":\"https:\\\/\\\/ebs-medical.com\\\/wp-content\\\/uploads\\\/2025\\\/08\\\/Stor-erfaring-i-medicinsk-laserudstyr-scaled-1.jpg\",\"contentUrl\":\"https:\\\/\\\/ebs-medical.com\\\/wp-content\\\/uploads\\\/2025\\\/08\\\/Stor-erfaring-i-medicinsk-laserudstyr-scaled-1.jpg\"},{\"@type\":\"BreadcrumbList\",\"@id\":\"https:\\\/\\\/ebs-medical.com\\\/fi\\\/kipeae\\\/#breadcrumb\",\"itemListElement\":[{\"@type\":\"ListItem\",\"position\":1,\"name\":\"Forside\",\"item\":\"https:\\\/\\\/ebs-medical.com\\\/fi\\\/\"},{\"@type\":\"ListItem\",\"position\":2,\"name\":\"Minusta\"}]},{\"@type\":\"WebSite\",\"@id\":\"https:\\\/\\\/ebs-medical.com\\\/fi\\\/#website\",\"url\":\"https:\\\/\\\/ebs-medical.com\\\/fi\\\/\",\"name\":\"EBS medical\",\"description\":\"Udstyr til fjernelse af tatovering, rynker og h\u00e5r, samt fedtfrysning\",\"publisher\":{\"@id\":\"https:\\\/\\\/ebs-medical.com\\\/fi\\\/#organization\"},\"potentialAction\":[{\"@type\":\"SearchAction\",\"target\":{\"@type\":\"EntryPoint\",\"urlTemplate\":\"https:\\\/\\\/ebs-medical.com\\\/fi\\\/?s={search_term_string}\"},\"query-input\":{\"@type\":\"PropertyValueSpecification\",\"valueRequired\":true,\"valueName\":\"search_term_string\"}}],\"inLanguage\":\"fi\"},{\"@type\":\"Organization\",\"@id\":\"https:\\\/\\\/ebs-medical.com\\\/fi\\\/#organization\",\"name\":\"EBS medical\",\"url\":\"https:\\\/\\\/ebs-medical.com\\\/fi\\\/\",\"logo\":{\"@type\":\"ImageObject\",\"inLanguage\":\"fi\",\"@id\":\"https:\\\/\\\/ebs-medical.com\\\/fi\\\/#\\\/schema\\\/logo\\\/image\\\/\",\"url\":\"https:\\\/\\\/ebs-medical.com\\\/wp-content\\\/uploads\\\/2025\\\/08\\\/logo.png\",\"contentUrl\":\"https:\\\/\\\/ebs-medical.com\\\/wp-content\\\/uploads\\\/2025\\\/08\\\/logo.png\",\"width\":246,\"height\":103,\"caption\":\"EBS medical\"},\"image\":{\"@id\":\"https:\\\/\\\/ebs-medical.com\\\/fi\\\/#\\\/schema\\\/logo\\\/image\\\/\"}}]}<\/script>\n<!-- \/ Yoast SEO plugin. -->","yoast_head_json":{"title":"Tietoja | EBS medical","description":"Tietoja | EBS medical","robots":{"index":"index","follow":"follow","max-snippet":"max-snippet:-1","max-image-preview":"max-image-preview:large","max-video-preview":"max-video-preview:-1"},"canonical":"https:\/\/ebs-medical.com\/fi\/kipeae\/","og_locale":"fi_FI","og_type":"article","og_title":"Tietoja | EBS medical","og_description":"Tietoja | EBS medical","og_url":"https:\/\/ebs-medical.com\/fi\/kipeae\/","og_site_name":"EBS medical","article_modified_time":"2025-10-28T11:51:16+00:00","og_image":[{"width":2048,"height":991,"url":"https:\/\/ebs-medical.com\/wp-content\/uploads\/2025\/08\/Stor-erfaring-i-medicinsk-laserudstyr-scaled-1.jpg","type":"image\/jpeg"}],"twitter_card":"summary_large_image","twitter_misc":{"Arvioitu lukuaika":"1 minuutti"},"schema":{"@context":"https:\/\/schema.org","@graph":[{"@type":"WebPage","@id":"https:\/\/ebs-medical.com\/fi\/kipeae\/","url":"https:\/\/ebs-medical.com\/fi\/kipeae\/","name":"Tietoja | EBS medical","isPartOf":{"@id":"https:\/\/ebs-medical.com\/fi\/#website"},"primaryImageOfPage":{"@id":"https:\/\/ebs-medical.com\/fi\/kipeae\/#primaryimage"},"image":{"@id":"https:\/\/ebs-medical.com\/fi\/kipeae\/#primaryimage"},"thumbnailUrl":"https:\/\/ebs-medical.com\/wp-content\/uploads\/2025\/08\/Stor-erfaring-i-medicinsk-laserudstyr-scaled-1.jpg","datePublished":"2025-08-01T11:59:21+00:00","dateModified":"2025-10-28T11:51:16+00:00","description":"Tietoja | EBS medical","breadcrumb":{"@id":"https:\/\/ebs-medical.com\/fi\/kipeae\/#breadcrumb"},"inLanguage":"fi","potentialAction":[{"@type":"ReadAction","target":["https:\/\/ebs-medical.com\/fi\/kipeae\/"]}]},{"@type":"ImageObject","inLanguage":"fi","@id":"https:\/\/ebs-medical.com\/fi\/kipeae\/#primaryimage","url":"https:\/\/ebs-medical.com\/wp-content\/uploads\/2025\/08\/Stor-erfaring-i-medicinsk-laserudstyr-scaled-1.jpg","contentUrl":"https:\/\/ebs-medical.com\/wp-content\/uploads\/2025\/08\/Stor-erfaring-i-medicinsk-laserudstyr-scaled-1.jpg"},{"@type":"BreadcrumbList","@id":"https:\/\/ebs-medical.com\/fi\/kipeae\/#breadcrumb","itemListElement":[{"@type":"ListItem","position":1,"name":"Forside","item":"https:\/\/ebs-medical.com\/fi\/"},{"@type":"ListItem","position":2,"name":"Minusta"}]},{"@type":"WebSite","@id":"https:\/\/ebs-medical.com\/fi\/#website","url":"https:\/\/ebs-medical.com\/fi\/","name":"EBS medical","description":"Udstyr til fjernelse af tatovering, rynker og h\u00e5r, samt fedtfrysning","publisher":{"@id":"https:\/\/ebs-medical.com\/fi\/#organization"},"potentialAction":[{"@type":"SearchAction","target":{"@type":"EntryPoint","urlTemplate":"https:\/\/ebs-medical.com\/fi\/?s={search_term_string}"},"query-input":{"@type":"PropertyValueSpecification","valueRequired":true,"valueName":"search_term_string"}}],"inLanguage":"fi"},{"@type":"Organization","@id":"https:\/\/ebs-medical.com\/fi\/#organization","name":"EBS medical","url":"https:\/\/ebs-medical.com\/fi\/","logo":{"@type":"ImageObject","inLanguage":"fi","@id":"https:\/\/ebs-medical.com\/fi\/#\/schema\/logo\/image\/","url":"https:\/\/ebs-medical.com\/wp-content\/uploads\/2025\/08\/logo.png","contentUrl":"https:\/\/ebs-medical.com\/wp-content\/uploads\/2025\/08\/logo.png","width":246,"height":103,"caption":"EBS medical"},"image":{"@id":"https:\/\/ebs-medical.com\/fi\/#\/schema\/logo\/image\/"}}]}},"_links":{"self":[{"href":"https:\/\/ebs-medical.com\/fi\/wp-json\/wp\/v2\/pages\/11480","targetHints":{"allow":["GET"]}}],"collection":[{"href":"https:\/\/ebs-medical.com\/fi\/wp-json\/wp\/v2\/pages"}],"about":[{"href":"https:\/\/ebs-medical.com\/fi\/wp-json\/wp\/v2\/types\/page"}],"author":[{"embeddable":true,"href":"https:\/\/ebs-medical.com\/fi\/wp-json\/wp\/v2\/users\/1"}],"replies":[{"embeddable":true,"href":"https:\/\/ebs-medical.com\/fi\/wp-json\/wp\/v2\/comments?post=11480"}],"version-history":[{"count":3,"href":"https:\/\/ebs-medical.com\/fi\/wp-json\/wp\/v2\/pages\/11480\/revisions"}],"predecessor-version":[{"id":12027,"href":"https:\/\/ebs-medical.com\/fi\/wp-json\/wp\/v2\/pages\/11480\/revisions\/12027"}],"wp:attachment":[{"href":"https:\/\/ebs-medical.com\/fi\/wp-json\/wp\/v2\/media?parent=11480"}],"wp:term":[{"taxonomy":"category","embeddable":true,"href":"https:\/\/ebs-medical.com\/fi\/wp-json\/wp\/v2\/categories?post=11480"}],"curies":[{"name":"wp","href":"https:\/\/api.w.org\/{rel}","templated":true}]}}