{"id":11477,"date":"2020-02-12T08:51:30","date_gmt":"2020-02-12T07:51:30","guid":{"rendered":"https:\/\/ebs-medical.com\/etuosa\/"},"modified":"2025-10-28T10:52:35","modified_gmt":"2025-10-28T09:52:35","slug":"etuosa","status":"publish","type":"page","link":"https:\/\/ebs-medical.com\/fi\/","title":{"rendered":"Etuosa"},"content":{"rendered":"\t\t<div data-elementor-type=\"wp-page\" data-elementor-id=\"11477\" class=\"elementor elementor-11477 elementor-15\" data-elementor-post-type=\"page\">\n\t\t\t\t<div class=\"elementor-element elementor-element-ec74641 white e-flex e-con-boxed e-con e-parent\" data-id=\"ec74641\" data-element_type=\"container\" data-e-type=\"container\" data-settings=\"{&quot;background_background&quot;:&quot;video&quot;,&quot;background_video_link&quot;:&quot;https:\\\/\\\/gostmediaserviceprod.blob.core.windows.net\\\/asset-dfbd2340-edac-4cb9-bc97-d7b67f8d8152\\\/Firma video -lyd - tekst_1920x1080_6000k.mp4&quot;}\">\n\t\t\t\t\t<div class=\"e-con-inner\">\n\t\t<div class=\"elementor-background-video-container elementor-hidden-mobile\">\n\t\t\t\t\t\t\t<video class=\"elementor-background-video-hosted\" role=\"presentation\" autoplay muted playsinline loop><\/video>\n\t\t\t\t\t<\/div><div class=\"elementor-element elementor-element-e9db9ec e-con-full e-flex e-con e-child\" data-id=\"e9db9ec\" data-element_type=\"container\" data-e-type=\"container\">\n\t\t\t\t<div class=\"elementor-element elementor-element-1135982 elementor-widget elementor-widget-heading\" data-id=\"1135982\" data-element_type=\"widget\" data-e-type=\"widget\" data-widget_type=\"heading.default\">\n\t\t\t\t<div class=\"elementor-widget-container\">\n\t\t\t\t\t<h1 class=\"elementor-heading-title elementor-size-default\">Laitteet tatuointien, ryppyjen ja karvanpoistoon sek\u00e4 rasvan j\u00e4\u00e4dytt\u00e4miseen<\/h1>\t\t\t\t<\/div>\n\t\t\t\t<\/div>\n\t\t\t\t<div class=\"elementor-element elementor-element-a31522b elementor-widget-tablet__width-inherit elementor-widget-mobile__width-inherit elementor-widget elementor-widget-text-editor\" data-id=\"a31522b\" data-element_type=\"widget\" data-e-type=\"widget\" data-widget_type=\"text-editor.default\">\n\t\t\t\t<div class=\"elementor-widget-container\">\n\t\t\t\t\t\t\t\t\t<h3>L\u00e4\u00e4ketieteelliset laserit ja muut ammattilaisten laitteet<\/h3><p>EBS-medical<\/p>\t\t\t\t\t\t\t\t<\/div>\n\t\t\t\t<\/div>\n\t\t\t\t<\/div>\n\t\t\t\t\t<\/div>\n\t\t\t\t<\/div>\n\t\t<div class=\"elementor-element elementor-element-c9c5fb9 e-flex e-con-boxed e-con e-parent\" data-id=\"c9c5fb9\" data-element_type=\"container\" data-e-type=\"container\">\n\t\t\t\t\t<div class=\"e-con-inner\">\n\t\t<div class=\"elementor-element elementor-element-0dc681e e-con-full e-flex e-con e-child\" data-id=\"0dc681e\" data-element_type=\"container\" data-e-type=\"container\">\n\t\t<div class=\"elementor-element elementor-element-245b91c e-con-full e-flex e-con e-child\" data-id=\"245b91c\" data-element_type=\"container\" data-e-type=\"container\" data-settings=\"{&quot;background_background&quot;:&quot;classic&quot;}\">\n\t\t\t\t<\/div>\n\t\t<div class=\"elementor-element elementor-element-15623c7 e-con-full e-flex e-con e-child\" data-id=\"15623c7\" data-element_type=\"container\" data-e-type=\"container\">\n\t\t\t\t<div class=\"elementor-element elementor-element-ed5acbb prehead elementor-widget elementor-widget-text-editor\" data-id=\"ed5acbb\" data-element_type=\"widget\" data-e-type=\"widget\" data-widget_type=\"text-editor.default\">\n\t\t\t\t<div class=\"elementor-widget-container\">\n\t\t\t\t\t\t\t\t\t<p>EBS-l\u00e4\u00e4ketieteellinen<\/p>\t\t\t\t\t\t\t\t<\/div>\n\t\t\t\t<\/div>\n\t\t\t\t<div class=\"elementor-element elementor-element-70cdad1 elementor-widget elementor-widget-text-editor\" data-id=\"70cdad1\" data-element_type=\"widget\" data-e-type=\"widget\" data-widget_type=\"text-editor.default\">\n\t\t\t\t<div class=\"elementor-widget-container\">\n\t\t\t\t\t\t\t\t\t<h2>Kosmeettisia l\u00e4\u00e4ketieteellisi\u00e4 lasereita ja laitteita klinikoille<\/h2><p><a href=\"https:\/\/ebs-medical.com\/om\/\">EBS Medical<\/a> tarjoaa laajan valikoiman ammattimaisia \u200b\u200bkosmeettisia l\u00e4\u00e4ketieteellisi\u00e4 lasereita ja muita laitteita klinikoille, sairaaloille ja yksityisvastaanotoille. Olipa kyseess\u00e4 sitten l\u00e4\u00e4ketieteelliset laserlaitteet <a href=\"https:\/\/ebs-medical.com\/produkter\/afskalning-rynker\/\">ryppyjen poistoon<\/a> , <a href=\"https:\/\/ebs-medical.com\/produkter\/fjernelse-af-tatoveringer\/\">tatuointien poistoon<\/a> , <a href=\"https:\/\/ebs-medical.com\/produkter\/fedtreduktion-kropskonturering\/\">rasvan j\u00e4\u00e4dytt\u00e4miseen<\/a> tai <a href=\"https:\/\/ebs-medical.com\/produkter\/haarfjerning\/\">karvanpoistoon<\/a> , meid\u00e4n laitteidemme avulla saat taatusti tehokkaan tuotteen. Toimitamme l\u00e4\u00e4ketieteellisten hoitojen ja laserhoitojen laitteita ja jakelemme DEKA, IDS, Medlander, Re-Co, Infodri, Alvi Prague, Esthelogue ja Quirumed.<\/p>\t\t\t\t\t\t\t\t<\/div>\n\t\t\t\t<\/div>\n\t\t\t\t<div class=\"elementor-element elementor-element-9555da1 cta e-transform elementor-widget elementor-widget-button\" data-id=\"9555da1\" data-element_type=\"widget\" data-e-type=\"widget\" data-settings=\"{&quot;_transform_scale_effect&quot;:{&quot;unit&quot;:&quot;px&quot;,&quot;size&quot;:&quot;&quot;,&quot;sizes&quot;:[]},&quot;_transform_scale_effect_laptop&quot;:{&quot;unit&quot;:&quot;px&quot;,&quot;size&quot;:&quot;&quot;,&quot;sizes&quot;:[]},&quot;_transform_scale_effect_tablet&quot;:{&quot;unit&quot;:&quot;px&quot;,&quot;size&quot;:&quot;&quot;,&quot;sizes&quot;:[]},&quot;_transform_scale_effect_mobile&quot;:{&quot;unit&quot;:&quot;px&quot;,&quot;size&quot;:&quot;&quot;,&quot;sizes&quot;:[]}}\" data-widget_type=\"button.default\">\n\t\t\t\t<div class=\"elementor-widget-container\">\n\t\t\t\t\t\t\t\t\t<div class=\"elementor-button-wrapper\">\n\t\t\t\t\t<a class=\"elementor-button elementor-button-link elementor-size-sm\" href=\"https:\/\/ebs-medical.com\/fi\/yhteystiedot\/\">\n\t\t\t\t\t\t<span class=\"elementor-button-content-wrapper\">\n\t\t\t\t\t\t\t\t\t<span class=\"elementor-button-text\">N\u00e4yt\u00e4 tuotteet<\/span>\n\t\t\t\t\t<\/span>\n\t\t\t\t\t<\/a>\n\t\t\t\t<\/div>\n\t\t\t\t\t\t\t\t<\/div>\n\t\t\t\t<\/div>\n\t\t\t\t<\/div>\n\t\t\t\t<\/div>\n\t\t\t\t\t<\/div>\n\t\t\t\t<\/div>\n\t\t<div class=\"elementor-element elementor-element-6e0c84c light white e-flex e-con-boxed e-con e-parent\" data-id=\"6e0c84c\" data-element_type=\"container\" data-e-type=\"container\">\n\t\t\t\t\t<div class=\"e-con-inner\">\n\t\t<div class=\"elementor-element elementor-element-b3328d4 e-con-full e-flex e-con e-child\" data-id=\"b3328d4\" data-element_type=\"container\" data-e-type=\"container\">\n\t\t<div class=\"elementor-element elementor-element-39b779c e-con-full e-flex e-con e-child\" data-id=\"39b779c\" data-element_type=\"container\" data-e-type=\"container\" data-settings=\"{&quot;background_background&quot;:&quot;classic&quot;}\">\n\t\t\t\t<div class=\"elementor-element elementor-element-c72da29 elementor-widget__width-inherit elementor-widget elementor-widget-text-editor\" data-id=\"c72da29\" data-element_type=\"widget\" data-e-type=\"widget\" data-widget_type=\"text-editor.default\">\n\t\t\t\t<div class=\"elementor-widget-container\">\n\t\t\t\t\t\t\t\t\t<h2>Ota meihin yhteytt\u00e4 jo t\u00e4n\u00e4\u00e4n<\/h2><p>Olemme valmiita vastaamaan sopiviin kysymyksiin.<\/p>\t\t\t\t\t\t\t\t<\/div>\n\t\t\t\t<\/div>\n\t\t\t\t<div class=\"elementor-element elementor-element-cac4966 cta elementor-widget elementor-widget-button\" data-id=\"cac4966\" data-element_type=\"widget\" data-e-type=\"widget\" data-widget_type=\"button.default\">\n\t\t\t\t<div class=\"elementor-widget-container\">\n\t\t\t\t\t\t\t\t\t<div class=\"elementor-button-wrapper\">\n\t\t\t\t\t<a class=\"elementor-button elementor-button-link elementor-size-sm\" href=\"https:\/\/ebs-medical.com\/fi\/yhteystiedot\/\">\n\t\t\t\t\t\t<span class=\"elementor-button-content-wrapper\">\n\t\t\t\t\t\t\t\t\t<span class=\"elementor-button-text\">Ota meihin yhteytt\u00e4 jo t\u00e4n\u00e4\u00e4n<\/span>\n\t\t\t\t\t<\/span>\n\t\t\t\t\t<\/a>\n\t\t\t\t<\/div>\n\t\t\t\t\t\t\t\t<\/div>\n\t\t\t\t<\/div>\n\t\t\t\t<\/div>\n\t\t<div class=\"elementor-element elementor-element-472bcc9 e-con-full e-flex e-con e-child\" data-id=\"472bcc9\" data-element_type=\"container\" data-e-type=\"container\">\n\t\t<div class=\"elementor-element elementor-element-55b66fb e-con-full e-flex e-con e-child\" data-id=\"55b66fb\" data-element_type=\"container\" data-e-type=\"container\">\n\t\t<div class=\"elementor-element elementor-element-82e1b52 e-con-full no-padding e-flex e-con e-child\" data-id=\"82e1b52\" data-element_type=\"container\" data-e-type=\"container\" data-settings=\"{&quot;background_background&quot;:&quot;classic&quot;}\">\n\t\t\t\t<\/div>\n\t\t<div class=\"elementor-element elementor-element-17562d8 e-con-full no-padding accent e-flex e-con e-child\" data-id=\"17562d8\" data-element_type=\"container\" data-e-type=\"container\">\n\t\t\t\t<div class=\"elementor-element elementor-element-488d0bb elementor-cta--skin-cover elementor-widget__width-inherit elementor-cta--valign-bottom elementor-bg-transform elementor-bg-transform-zoom-in elementor-widget elementor-widget-call-to-action\" data-id=\"488d0bb\" data-element_type=\"widget\" data-e-type=\"widget\" data-widget_type=\"call-to-action.default\">\n\t\t\t\t<div class=\"elementor-widget-container\">\n\t\t\t\t\t\t\t<a class=\"elementor-cta\" href=\"https:\/\/ebs-medical.com\/ydelse\/\">\n\t\t\t\t\t<div class=\"elementor-cta__bg-wrapper\">\n\t\t\t\t<div class=\"elementor-cta__bg elementor-bg\" style=\"background-image: url();\" role=\"img\" aria-label=\"\"><\/div>\n\t\t\t\t<div class=\"elementor-cta__bg-overlay\"><\/div>\n\t\t\t<\/div>\n\t\t\t\t\t\t\t<div class=\"elementor-cta__content\">\n\t\t\t\t\n\t\t\t\t\t\t\t\t\t<h3 class=\"elementor-cta__title elementor-cta__content-item elementor-content-item\">\n\t\t\t\t\t\tKipe\u00e4\t\t\t\t\t<\/h3>\n\t\t\t\t\n\t\t\t\t\t\t\t\t\t<span class=\"elementor-cta__description elementor-cta__content-item elementor-content-item\">\n\t\t\t\t\t\tLue lis\u00e4\u00e4\t\t\t\t\t<\/span>\n\t\t\t\t\n\t\t\t\t\t\t\t<\/div>\n\t\t\t\t\t\t<\/a>\n\t\t\t\t\t\t<\/div>\n\t\t\t\t<\/div>\n\t\t\t\t<\/div>\n\t\t\t\t<\/div>\n\t\t<div class=\"elementor-element elementor-element-137c1c9 e-con-full e-flex e-con e-child\" data-id=\"137c1c9\" data-element_type=\"container\" data-e-type=\"container\">\n\t\t<div class=\"elementor-element elementor-element-5ef1820 e-con-full no-padding e-flex e-con e-child\" data-id=\"5ef1820\" data-element_type=\"container\" data-e-type=\"container\" data-settings=\"{&quot;background_background&quot;:&quot;classic&quot;}\">\n\t\t\t\t<\/div>\n\t\t<div class=\"elementor-element elementor-element-cd2ab50 e-con-full no-padding dark e-flex e-con e-child\" data-id=\"cd2ab50\" data-element_type=\"container\" data-e-type=\"container\">\n\t\t\t\t<div class=\"elementor-element elementor-element-d54ba88 elementor-cta--skin-cover elementor-widget__width-inherit elementor-cta--valign-bottom elementor-bg-transform elementor-bg-transform-zoom-in elementor-widget elementor-widget-call-to-action\" data-id=\"d54ba88\" data-element_type=\"widget\" data-e-type=\"widget\" data-widget_type=\"call-to-action.default\">\n\t\t\t\t<div class=\"elementor-widget-container\">\n\t\t\t\t\t\t\t<a class=\"elementor-cta\" href=\"https:\/\/ebs-medical.com\/ydelse\/\">\n\t\t\t\t\t<div class=\"elementor-cta__bg-wrapper\">\n\t\t\t\t<div class=\"elementor-cta__bg elementor-bg\" style=\"background-image: url();\" role=\"img\" aria-label=\"\"><\/div>\n\t\t\t\t<div class=\"elementor-cta__bg-overlay\"><\/div>\n\t\t\t<\/div>\n\t\t\t\t\t\t\t<div class=\"elementor-cta__content\">\n\t\t\t\t\n\t\t\t\t\t\t\t\t\t<h3 class=\"elementor-cta__title elementor-cta__content-item elementor-content-item\">\n\t\t\t\t\t\tTuotteet\t\t\t\t\t<\/h3>\n\t\t\t\t\n\t\t\t\t\t\t\t\t\t<span class=\"elementor-cta__description elementor-cta__content-item elementor-content-item\">\n\t\t\t\t\t\tLue lis\u00e4\u00e4\t\t\t\t\t<\/span>\n\t\t\t\t\n\t\t\t\t\t\t\t<\/div>\n\t\t\t\t\t\t<\/a>\n\t\t\t\t\t\t<\/div>\n\t\t\t\t<\/div>\n\t\t\t\t<\/div>\n\t\t\t\t<\/div>\n\t\t\t\t<\/div>\n\t\t\t\t<\/div>\n\t\t\t\t\t<\/div>\n\t\t\t\t<\/div>\n\t\t<div class=\"elementor-element elementor-element-8bcc8cd dark e-flex e-con-boxed e-con e-parent\" data-id=\"8bcc8cd\" data-element_type=\"container\" data-e-type=\"container\">\n\t\t\t\t\t<div class=\"e-con-inner\">\n\t\t<div class=\"elementor-element elementor-element-a54fa86 e-con-full e-flex e-con e-child\" data-id=\"a54fa86\" data-element_type=\"container\" data-e-type=\"container\">\n\t\t\t\t<div class=\"elementor-element elementor-element-104bd5f elementor-widget__width-initial elementor-widget elementor-widget-facebook-page\" data-id=\"104bd5f\" data-element_type=\"widget\" data-e-type=\"widget\" data-widget_type=\"facebook-page.default\">\n\t\t\t\t<div class=\"elementor-widget-container\">\n\t\t\t\t\t<div class=\"elementor-facebook-widget fb-page\" data-href=\"https:\/\/www.facebook.com\/EBSmedicaldevices\/?ref=embed_page#\" data-tabs=\"timeline\" data-height=\"500px\" data-width=\"500px\" data-small-header=\"false\" data-hide-cover=\"false\" data-show-facepile=\"true\" data-hide-cta=\"false\" style=\"min-height: 1px;height:500px\"><\/div>\t\t\t\t<\/div>\n\t\t\t\t<\/div>\n\t\t\t\t<\/div>\n\t\t<div class=\"elementor-element elementor-element-1ccd7da e-con-full e-flex e-con e-child\" data-id=\"1ccd7da\" data-element_type=\"container\" data-e-type=\"container\">\n\t\t\t\t<div class=\"elementor-element elementor-element-368372c elementor-widget elementor-widget-text-editor\" data-id=\"368372c\" data-element_type=\"widget\" data-e-type=\"widget\" data-widget_type=\"text-editor.default\">\n\t\t\t\t<div class=\"elementor-widget-container\">\n\t\t\t\t\t\t\t\t\t<h3>Myymme laitteita seuraavien sairauden hoitoon:<\/h3><ul><li><a href=\"https:\/\/ebs-medical.com\/produkter\/hudrelaterede-behandlinger\/\">Ihon nuorentamista<\/a><\/li><li><a href=\"https:\/\/ebs-medical.com\/produkter\/fedtreduktion-kropskonturering\/\">Rasvanpoltto\/vartalonmuokkaus<\/a><\/li><li><a href=\"https:\/\/ebs-medical.com\/produkter\/haarfjerning\/\">Karvanpoisto<\/a><\/li><li><a href=\"https:\/\/ebs-medical.com\/produkter\/afskalning-rynker\/\">Kuorinta\/rypyt<\/a><\/li><li><a href=\"https:\/\/ebs-medical.com\/produkter\/fjernelse-af-tatoveringer\/\">Tatuoinnin poisto<\/a><\/li><li><a href=\"https:\/\/ebs-medical.com\/produkter\/gynaekologi-urininkontinens\/\">Gynekologia\/virtsainhoito<\/a><\/li><li><a href=\"https:\/\/ebs-medical.com\/produkter\/hudlidelser\/\">Ihosairaudit<\/a><\/li><li><a href=\"https:\/\/ebs-medical.com\/produkter\/hudkoeling\/\">Ihon viilent\u00e4minen<\/a><\/li><li><a href=\"https:\/\/ebs-medical.com\/produkter\/kirurgi\/\">Leikkaus<\/a><\/li><li><a href=\"https:\/\/ebs-medical.com\/produkter\/diagnosticering\/\">Diagnostiikka<\/a><\/li><\/ul>\t\t\t\t\t\t\t\t<\/div>\n\t\t\t\t<\/div>\n\t\t\t\t<\/div>\n\t\t\t\t\t<\/div>\n\t\t\t\t<\/div>\n\t\t<div class=\"elementor-element elementor-element-688196e e-flex e-con-boxed e-con e-parent\" data-id=\"688196e\" data-element_type=\"container\" data-e-type=\"container\">\n\t\t\t\t\t<div class=\"e-con-inner\">\n\t\t<div class=\"elementor-element elementor-element-a883a2b e-con-full e-flex e-con e-child\" data-id=\"a883a2b\" data-element_type=\"container\" data-e-type=\"container\">\n\t\t<div class=\"elementor-element elementor-element-66fd134 e-con-full e-flex e-con e-child\" data-id=\"66fd134\" data-element_type=\"container\" data-e-type=\"container\">\n\t\t\t\t<div class=\"elementor-element elementor-element-fbc3857 elementor-widget elementor-widget-text-editor\" data-id=\"fbc3857\" data-element_type=\"widget\" data-e-type=\"widget\" data-widget_type=\"text-editor.default\">\n\t\t\t\t<div class=\"elementor-widget-container\">\n\t\t\t\t\t\t\t\t\t<h3>Laaja kokemus l\u00e4\u00e4ketieteellisest\u00e4 laserlaitteista<\/h3><p>EBS Medicalilla on l\u00e4hes 30 vuoden kokemus alalta ja laaja asiantuntemus l\u00e4\u00e4ketieteellisist\u00e4 laitteista ja erityisist\u00e4 lasereista. Useidenjien koulutuksen ja tuotemerkkien tuntemuksemme kuuluu oikeat taidot valmistaa, ett\u00e4 asiakkaidendemme laitteet ja koneet ovat aina hyv\u00e4ss\u00e4 toimintakunnossa ja toimivat optimaalisesti. <\/p><h3>Laserlaitteiden huolto<\/h3><p>Meille on t\u00e4rke\u00e4\u00e4, asiakkaamme kokevat hyv\u00e4\u00e4 palvelua, ja siksi tarjoamme kaikenlaisten lasereiden ja laitehuoltoa ja korjausta klinikoille, sairaaloille ja yksityisvastaanotoille. EBS Medicalilta ostetuissa tuotteissa huoltok\u00e4ynnit lis\u00e4\u00e4t ostokseen takuuaikana, ja solmimme mielell\u00e4mme my\u00f6s jatkuvia huoltosopimuksia tarpeen mukaan. N\u00e4in varmistat, ett\u00e4 laitteesi toimivat optimaalisesti ja ett\u00e4 ne huolletaan oikein.  <\/p>\t\t\t\t\t\t\t\t<\/div>\n\t\t\t\t<\/div>\n\t\t\t\t<div class=\"elementor-element elementor-element-d45a493 elementor-widget elementor-widget-button\" data-id=\"d45a493\" data-element_type=\"widget\" data-e-type=\"widget\" data-widget_type=\"button.default\">\n\t\t\t\t<div class=\"elementor-widget-container\">\n\t\t\t\t\t\t\t\t\t<div class=\"elementor-button-wrapper\">\n\t\t\t\t\t<a class=\"elementor-button elementor-button-link elementor-size-sm\" href=\"https:\/\/ebs-medical.com\/produkter\/\">\n\t\t\t\t\t\t<span class=\"elementor-button-content-wrapper\">\n\t\t\t\t\t\t\t\t\t<span class=\"elementor-button-text\">N\u00e4yt\u00e4 tuotteet<\/span>\n\t\t\t\t\t<\/span>\n\t\t\t\t\t<\/a>\n\t\t\t\t<\/div>\n\t\t\t\t\t\t\t\t<\/div>\n\t\t\t\t<\/div>\n\t\t\t\t<\/div>\n\t\t<div class=\"elementor-element elementor-element-0690f64 e-con-full e-flex e-con e-child\" data-id=\"0690f64\" data-element_type=\"container\" data-e-type=\"container\" data-settings=\"{&quot;background_background&quot;:&quot;classic&quot;}\">\n\t\t\t\t<\/div>\n\t\t\t\t<\/div>\n\t\t\t\t\t<\/div>\n\t\t\t\t<\/div>\n\t\t\t\t<\/div>\n\t\t","protected":false},"excerpt":{"rendered":"<p>Laitteet tatuointien, ryppyjen ja karvanpoistoon sek\u00e4 rasvan j\u00e4\u00e4dytt\u00e4miseen L\u00e4\u00e4ketieteelliset laserit ja muut ammattilaisten laitteet EBS-medical EBS-l\u00e4\u00e4ketieteellinen Kosmeettisia l\u00e4\u00e4ketieteellisi\u00e4 lasereita ja laitteita klinikoille EBS Medical tarjoaa laajan valikoiman ammattimaisia \u200b\u200bkosmeettisia l\u00e4\u00e4ketieteellisi\u00e4 lasereita ja muita laitteita klinikoille, sairaaloille ja yksityisvastaanotoille. Olipa kyseess\u00e4 sitten l\u00e4\u00e4ketieteelliset laserlaitteet ryppyjen poistoon , tatuointien poistoon , rasvan j\u00e4\u00e4dytt\u00e4miseen tai karvanpoistoon , meid\u00e4n &#8230; <a title=\"Etuosa\" class=\"read-more\" href=\"https:\/\/ebs-medical.com\/fi\/\" aria-label=\"Lue lis\u00e4\u00e4 aiheesta Etuosa\">Lue lis\u00e4\u00e4<\/a><\/p>\n","protected":false},"author":1,"featured_media":0,"parent":0,"menu_order":0,"comment_status":"closed","ping_status":"closed","template":"","meta":{"_acf_changed":false,"footnotes":""},"categories":[],"class_list":["post-11477","page","type-page","status-publish"],"acf":[],"yoast_head":"<!-- This site is optimized with the Yoast SEO plugin v27.4 - https:\/\/yoast.com\/product\/yoast-seo-wordpress\/ -->\n<title>Klinikoiden laitteet | Ryppyjen poisto | Rasvan j\u00e4\u00e4dytys | EBS Medical<\/title>\n<meta name=\"description\" content=\"Klinikoiden laitteet | Ryppyjen poisto | Rasvan j\u00e4\u00e4dytys | EBS Medical\" \/>\n<meta name=\"robots\" content=\"index, follow, max-snippet:-1, max-image-preview:large, max-video-preview:-1\" \/>\n<link rel=\"canonical\" href=\"https:\/\/ebs-medical.com\/fi\/\" \/>\n<meta property=\"og:locale\" content=\"fi_FI\" \/>\n<meta property=\"og:type\" content=\"article\" \/>\n<meta property=\"og:title\" content=\"Klinikoiden laitteet | Ryppyjen poisto | Rasvan j\u00e4\u00e4dytys | EBS Medical\" \/>\n<meta property=\"og:description\" content=\"Klinikoiden laitteet | Ryppyjen poisto | Rasvan j\u00e4\u00e4dytys | EBS Medical\" \/>\n<meta property=\"og:url\" content=\"https:\/\/ebs-medical.com\/fi\/\" \/>\n<meta property=\"og:site_name\" content=\"EBS medical\" \/>\n<meta property=\"article:modified_time\" content=\"2025-10-28T09:52:35+00:00\" \/>\n<meta name=\"twitter:card\" content=\"summary_large_image\" \/>\n<meta name=\"twitter:label1\" content=\"Arvioitu lukuaika\" \/>\n\t<meta name=\"twitter:data1\" content=\"1 minuutti\" \/>\n<script type=\"application\/ld+json\" class=\"yoast-schema-graph\">{\"@context\":\"https:\\\/\\\/schema.org\",\"@graph\":[{\"@type\":\"WebPage\",\"@id\":\"https:\\\/\\\/ebs-medical.com\\\/fi\\\/\",\"url\":\"https:\\\/\\\/ebs-medical.com\\\/fi\\\/\",\"name\":\"Klinikoiden laitteet | Ryppyjen poisto | Rasvan j\u00e4\u00e4dytys | EBS Medical\",\"isPartOf\":{\"@id\":\"https:\\\/\\\/ebs-medical.com\\\/fi\\\/#website\"},\"datePublished\":\"2020-02-12T07:51:30+00:00\",\"dateModified\":\"2025-10-28T09:52:35+00:00\",\"description\":\"Klinikoiden laitteet | Ryppyjen poisto | Rasvan j\u00e4\u00e4dytys | EBS Medical\",\"breadcrumb\":{\"@id\":\"https:\\\/\\\/ebs-medical.com\\\/fi\\\/#breadcrumb\"},\"inLanguage\":\"fi\",\"potentialAction\":[{\"@type\":\"ReadAction\",\"target\":[\"https:\\\/\\\/ebs-medical.com\\\/fi\\\/\"]}]},{\"@type\":\"BreadcrumbList\",\"@id\":\"https:\\\/\\\/ebs-medical.com\\\/fi\\\/#breadcrumb\",\"itemListElement\":[{\"@type\":\"ListItem\",\"position\":1,\"name\":\"Forside\",\"item\":\"https:\\\/\\\/ebs-medical.com\\\/fi\\\/\"},{\"@type\":\"ListItem\",\"position\":2,\"name\":\"Etuosa\"}]},{\"@type\":\"WebSite\",\"@id\":\"https:\\\/\\\/ebs-medical.com\\\/fi\\\/#website\",\"url\":\"https:\\\/\\\/ebs-medical.com\\\/fi\\\/\",\"name\":\"EBS medical\",\"description\":\"Udstyr til fjernelse af tatovering, rynker og h\u00e5r, samt fedtfrysning\",\"publisher\":{\"@id\":\"https:\\\/\\\/ebs-medical.com\\\/fi\\\/#organization\"},\"potentialAction\":[{\"@type\":\"SearchAction\",\"target\":{\"@type\":\"EntryPoint\",\"urlTemplate\":\"https:\\\/\\\/ebs-medical.com\\\/fi\\\/?s={search_term_string}\"},\"query-input\":{\"@type\":\"PropertyValueSpecification\",\"valueRequired\":true,\"valueName\":\"search_term_string\"}}],\"inLanguage\":\"fi\"},{\"@type\":\"Organization\",\"@id\":\"https:\\\/\\\/ebs-medical.com\\\/fi\\\/#organization\",\"name\":\"EBS medical\",\"url\":\"https:\\\/\\\/ebs-medical.com\\\/fi\\\/\",\"logo\":{\"@type\":\"ImageObject\",\"inLanguage\":\"fi\",\"@id\":\"https:\\\/\\\/ebs-medical.com\\\/fi\\\/#\\\/schema\\\/logo\\\/image\\\/\",\"url\":\"https:\\\/\\\/ebs-medical.com\\\/wp-content\\\/uploads\\\/2025\\\/08\\\/logo.png\",\"contentUrl\":\"https:\\\/\\\/ebs-medical.com\\\/wp-content\\\/uploads\\\/2025\\\/08\\\/logo.png\",\"width\":246,\"height\":103,\"caption\":\"EBS medical\"},\"image\":{\"@id\":\"https:\\\/\\\/ebs-medical.com\\\/fi\\\/#\\\/schema\\\/logo\\\/image\\\/\"}}]}<\/script>\n<!-- \/ Yoast SEO plugin. -->","yoast_head_json":{"title":"Klinikoiden laitteet | Ryppyjen poisto | Rasvan j\u00e4\u00e4dytys | EBS Medical","description":"Klinikoiden laitteet | Ryppyjen poisto | Rasvan j\u00e4\u00e4dytys | EBS Medical","robots":{"index":"index","follow":"follow","max-snippet":"max-snippet:-1","max-image-preview":"max-image-preview:large","max-video-preview":"max-video-preview:-1"},"canonical":"https:\/\/ebs-medical.com\/fi\/","og_locale":"fi_FI","og_type":"article","og_title":"Klinikoiden laitteet | Ryppyjen poisto | Rasvan j\u00e4\u00e4dytys | EBS Medical","og_description":"Klinikoiden laitteet | Ryppyjen poisto | Rasvan j\u00e4\u00e4dytys | EBS Medical","og_url":"https:\/\/ebs-medical.com\/fi\/","og_site_name":"EBS medical","article_modified_time":"2025-10-28T09:52:35+00:00","twitter_card":"summary_large_image","twitter_misc":{"Arvioitu lukuaika":"1 minuutti"},"schema":{"@context":"https:\/\/schema.org","@graph":[{"@type":"WebPage","@id":"https:\/\/ebs-medical.com\/fi\/","url":"https:\/\/ebs-medical.com\/fi\/","name":"Klinikoiden laitteet | Ryppyjen poisto | Rasvan j\u00e4\u00e4dytys | EBS Medical","isPartOf":{"@id":"https:\/\/ebs-medical.com\/fi\/#website"},"datePublished":"2020-02-12T07:51:30+00:00","dateModified":"2025-10-28T09:52:35+00:00","description":"Klinikoiden laitteet | Ryppyjen poisto | Rasvan j\u00e4\u00e4dytys | EBS Medical","breadcrumb":{"@id":"https:\/\/ebs-medical.com\/fi\/#breadcrumb"},"inLanguage":"fi","potentialAction":[{"@type":"ReadAction","target":["https:\/\/ebs-medical.com\/fi\/"]}]},{"@type":"BreadcrumbList","@id":"https:\/\/ebs-medical.com\/fi\/#breadcrumb","itemListElement":[{"@type":"ListItem","position":1,"name":"Forside","item":"https:\/\/ebs-medical.com\/fi\/"},{"@type":"ListItem","position":2,"name":"Etuosa"}]},{"@type":"WebSite","@id":"https:\/\/ebs-medical.com\/fi\/#website","url":"https:\/\/ebs-medical.com\/fi\/","name":"EBS medical","description":"Udstyr til fjernelse af tatovering, rynker og h\u00e5r, samt fedtfrysning","publisher":{"@id":"https:\/\/ebs-medical.com\/fi\/#organization"},"potentialAction":[{"@type":"SearchAction","target":{"@type":"EntryPoint","urlTemplate":"https:\/\/ebs-medical.com\/fi\/?s={search_term_string}"},"query-input":{"@type":"PropertyValueSpecification","valueRequired":true,"valueName":"search_term_string"}}],"inLanguage":"fi"},{"@type":"Organization","@id":"https:\/\/ebs-medical.com\/fi\/#organization","name":"EBS medical","url":"https:\/\/ebs-medical.com\/fi\/","logo":{"@type":"ImageObject","inLanguage":"fi","@id":"https:\/\/ebs-medical.com\/fi\/#\/schema\/logo\/image\/","url":"https:\/\/ebs-medical.com\/wp-content\/uploads\/2025\/08\/logo.png","contentUrl":"https:\/\/ebs-medical.com\/wp-content\/uploads\/2025\/08\/logo.png","width":246,"height":103,"caption":"EBS medical"},"image":{"@id":"https:\/\/ebs-medical.com\/fi\/#\/schema\/logo\/image\/"}}]}},"_links":{"self":[{"href":"https:\/\/ebs-medical.com\/fi\/wp-json\/wp\/v2\/pages\/11477","targetHints":{"allow":["GET"]}}],"collection":[{"href":"https:\/\/ebs-medical.com\/fi\/wp-json\/wp\/v2\/pages"}],"about":[{"href":"https:\/\/ebs-medical.com\/fi\/wp-json\/wp\/v2\/types\/page"}],"author":[{"embeddable":true,"href":"https:\/\/ebs-medical.com\/fi\/wp-json\/wp\/v2\/users\/1"}],"replies":[{"embeddable":true,"href":"https:\/\/ebs-medical.com\/fi\/wp-json\/wp\/v2\/comments?post=11477"}],"version-history":[{"count":11,"href":"https:\/\/ebs-medical.com\/fi\/wp-json\/wp\/v2\/pages\/11477\/revisions"}],"predecessor-version":[{"id":12018,"href":"https:\/\/ebs-medical.com\/fi\/wp-json\/wp\/v2\/pages\/11477\/revisions\/12018"}],"wp:attachment":[{"href":"https:\/\/ebs-medical.com\/fi\/wp-json\/wp\/v2\/media?parent=11477"}],"wp:term":[{"taxonomy":"category","embeddable":true,"href":"https:\/\/ebs-medical.com\/fi\/wp-json\/wp\/v2\/categories?post=11477"}],"curies":[{"name":"wp","href":"https:\/\/api.w.org\/{rel}","templated":true}]}}