{"id":11379,"date":"2025-08-01T14:00:35","date_gmt":"2025-08-01T12:00:35","guid":{"rendered":"https:\/\/ebs-medical.com\/uutiset\/"},"modified":"2026-02-19T13:37:58","modified_gmt":"2026-02-19T12:37:58","slug":"uutiset","status":"publish","type":"page","link":"https:\/\/ebs-medical.com\/fi\/uutiset\/","title":{"rendered":"Uutiset"},"content":{"rendered":"\t\t<div data-elementor-type=\"wp-page\" data-elementor-id=\"11379\" class=\"elementor elementor-11379 elementor-9632\" data-elementor-post-type=\"page\">\n\t\t\t\t<div class=\"elementor-element elementor-element-644b2b5 e-con-full no-padding e-flex e-con e-parent\" data-id=\"644b2b5\" data-element_type=\"container\" data-e-type=\"container\">\n\t\t\t\t<div class=\"elementor-element elementor-element-5b50f80c elementor-widget elementor-widget-template\" data-id=\"5b50f80c\" data-element_type=\"widget\" data-e-type=\"widget\" data-widget_type=\"template.default\">\n\t\t\t\t<div class=\"elementor-widget-container\">\n\t\t\t\t\t\t\t<div class=\"elementor-template\">\n\t\t\t\t\t<div data-elementor-type=\"container\" data-elementor-id=\"11945\" class=\"elementor elementor-11945 elementor-6542\" data-elementor-post-type=\"elementor_library\">\n\t\t\t\t<div class=\"elementor-element elementor-element-2bc4b5ab white e-flex e-con-boxed e-con e-parent\" data-id=\"2bc4b5ab\" data-element_type=\"container\" data-e-type=\"container\" data-settings=\"{&quot;background_background&quot;:&quot;classic&quot;}\">\n\t\t\t\t\t<div class=\"e-con-inner\">\n\t\t\t\t<div class=\"elementor-element elementor-element-1d645c29 elementor-icon-list--layout-inline elementor-align-center elementor-list-item-link-full_width elementor-widget elementor-widget-icon-list\" data-id=\"1d645c29\" data-element_type=\"widget\" data-e-type=\"widget\" data-widget_type=\"icon-list.default\">\n\t\t\t\t<div class=\"elementor-widget-container\">\n\t\t\t\t\t\t\t<ul class=\"elementor-icon-list-items elementor-inline-items\">\n\t\t\t\t\t\t\t<li class=\"elementor-icon-list-item elementor-inline-item\">\n\t\t\t\t\t\t\t\t\t\t<span class=\"elementor-icon-list-text\"><a href=\"tel:+45 42 67 68 58\" aria-label=\"Telefon nummer\">+45 42 67 68 58<\/a><\/span>\n\t\t\t\t\t\t\t\t\t<\/li>\n\t\t\t\t\t\t\t\t<li class=\"elementor-icon-list-item elementor-inline-item\">\n\t\t\t\t\t\t\t\t\t\t<span class=\"elementor-icon-list-text\"><a href=\"mailto:info@ebs-medical.com\" aria-label=\"Email adresse\">info@ebs-medical.com<\/a><\/span>\n\t\t\t\t\t\t\t\t\t<\/li>\n\t\t\t\t\t\t<\/ul>\n\t\t\t\t\t\t<\/div>\n\t\t\t\t<\/div>\n\t\t\t\t\t<\/div>\n\t\t\t\t<\/div>\n\t\t\t\t<\/div>\n\t\t\t\t<\/div>\n\t\t\t\t\t\t<\/div>\n\t\t\t\t<\/div>\n\t\t\t\t<\/div>\n\t\t<div class=\"elementor-element elementor-element-b202437 e-flex e-con-boxed e-con e-parent\" data-id=\"b202437\" data-element_type=\"container\" data-e-type=\"container\">\n\t\t\t\t\t<div class=\"e-con-inner\">\n\t\t<div class=\"elementor-element elementor-element-f2200ed e-con-full e-flex e-con e-child\" data-id=\"f2200ed\" data-element_type=\"container\" data-e-type=\"container\">\n\t\t\t\t<div class=\"elementor-element elementor-element-cb45731 elementor-widget elementor-widget-text-editor\" data-id=\"cb45731\" data-element_type=\"widget\" data-e-type=\"widget\" data-widget_type=\"text-editor.default\">\n\t\t\t\t<div class=\"elementor-widget-container\">\n\t\t\t\t\t\t\t\t\t<h2>Uutiset<\/h2>\n<p>Lue uusimmat uutiset ja blogikirjoitukset t\u00e4\u00e4lt\u00e4<\/p>\t\t\t\t\t\t\t\t<\/div>\n\t\t\t\t<\/div>\n\t\t\t\t<div class=\"elementor-element elementor-element-d1b9e2c elementor-grid-3 elementor-grid-tablet-2 elementor-grid-mobile-1 elementor-widget elementor-widget-loop-grid\" data-id=\"d1b9e2c\" data-element_type=\"widget\" data-e-type=\"widget\" data-settings=\"{&quot;template_id&quot;:11551,&quot;_skin&quot;:&quot;post&quot;,&quot;columns&quot;:&quot;3&quot;,&quot;columns_tablet&quot;:&quot;2&quot;,&quot;columns_mobile&quot;:&quot;1&quot;,&quot;edit_handle_selector&quot;:&quot;[data-elementor-type=\\&quot;loop-item\\&quot;]&quot;,&quot;row_gap&quot;:{&quot;unit&quot;:&quot;px&quot;,&quot;size&quot;:&quot;&quot;,&quot;sizes&quot;:[]},&quot;row_gap_laptop&quot;:{&quot;unit&quot;:&quot;px&quot;,&quot;size&quot;:&quot;&quot;,&quot;sizes&quot;:[]},&quot;row_gap_tablet&quot;:{&quot;unit&quot;:&quot;px&quot;,&quot;size&quot;:&quot;&quot;,&quot;sizes&quot;:[]},&quot;row_gap_mobile&quot;:{&quot;unit&quot;:&quot;px&quot;,&quot;size&quot;:&quot;&quot;,&quot;sizes&quot;:[]}}\" data-widget_type=\"loop-grid.post\">\n\t\t\t\t<div class=\"elementor-widget-container\">\n\t\t\t\t\t\t\t<div class=\"e-loop-nothing-found-message\">\n\t\t<\/div>\n\t\t\t\t\t\t<\/div>\n\t\t\t\t<\/div>\n\t\t\t\t<\/div>\n\t\t<div class=\"elementor-element elementor-element-e47c01b e-con-full e-flex e-con e-child\" data-id=\"e47c01b\" data-element_type=\"container\" data-e-type=\"container\">\n\t\t\t\t<div class=\"elementor-element elementor-element-aebc590 elementor-widget elementor-widget-image\" data-id=\"aebc590\" data-element_type=\"widget\" data-e-type=\"widget\" data-widget_type=\"image.default\">\n\t\t\t\t<div class=\"elementor-widget-container\">\n\t\t\t\t\t\t\t\t\t\t\t\t\t\t\t<img fetchpriority=\"high\" decoding=\"async\" width=\"2048\" height=\"991\" src=\"https:\/\/ebs-medical.com\/wp-content\/uploads\/2025\/08\/Stor-erfaring-i-medicinsk-laserudstyr-scaled-1.jpg\" class=\"attachment-full size-full wp-image-9721\" alt=\"\" srcset=\"https:\/\/ebs-medical.com\/wp-content\/uploads\/2025\/08\/Stor-erfaring-i-medicinsk-laserudstyr-scaled-1.jpg 2048w, https:\/\/ebs-medical.com\/wp-content\/uploads\/2025\/08\/Stor-erfaring-i-medicinsk-laserudstyr-scaled-1-500x242.jpg 500w, https:\/\/ebs-medical.com\/wp-content\/uploads\/2025\/08\/Stor-erfaring-i-medicinsk-laserudstyr-scaled-1-1000x484.jpg 1000w, https:\/\/ebs-medical.com\/wp-content\/uploads\/2025\/08\/Stor-erfaring-i-medicinsk-laserudstyr-scaled-1-768x372.jpg 768w, https:\/\/ebs-medical.com\/wp-content\/uploads\/2025\/08\/Stor-erfaring-i-medicinsk-laserudstyr-scaled-1-1536x743.jpg 1536w\" sizes=\"(max-width: 2048px) 100vw, 2048px\" \/>\t\t\t\t\t\t\t\t\t\t\t\t\t\t\t<\/div>\n\t\t\t\t<\/div>\n\t\t<div class=\"elementor-element elementor-element-0b78568 e-con-full accent e-flex e-con e-child\" data-id=\"0b78568\" data-element_type=\"container\" data-e-type=\"container\" data-settings=\"{&quot;background_background&quot;:&quot;classic&quot;}\">\n\t\t\t\t<div class=\"elementor-element elementor-element-d12658e elementor-widget elementor-widget-text-editor\" data-id=\"d12658e\" data-element_type=\"widget\" data-e-type=\"widget\" data-widget_type=\"text-editor.default\">\n\t\t\t\t<div class=\"elementor-widget-container\">\n\t\t\t\t\t\t\t\t\t<h3>Laserkarvanpoisto: Karvanpoisto vs. Superkarvanpoisto<\/h3>\n<p>Laserkarvanpoisto on edelleen suosittu vaihtoehto pitk\u00e4aikaisia \u200b\u200bkarvanpoistohoitoja etsivien asiakkaiden keskuudessa perinteisiin menetelmiin verrattuna.<\/p>\n<p>4. maaliskuuta 2024<\/p>\t\t\t\t\t\t\t\t<\/div>\n\t\t\t\t<\/div>\n\t\t\t\t<div class=\"elementor-element elementor-element-a9e19ae elementor-widget elementor-widget-shortcode\" data-id=\"a9e19ae\" data-element_type=\"widget\" data-e-type=\"widget\" data-widget_type=\"shortcode.default\">\n\t\t\t\t<div class=\"elementor-widget-container\">\n\t\t\t\t\t\t\t<div class=\"elementor-shortcode\"><form id=\"forminator-module-66\" class=\"forminator-custom-form forminator-custom-form-66\" method=\"post\" data-forminator-render=\"0\" data-uid=\"69e0096da2bb6\"><div role=\"alert\" aria-live=\"polite\" class=\"forminator-response-message forminator-error\" aria-hidden=\"true\"><\/div><\/form><\/div>\n\t\t\t\t\t\t<\/div>\n\t\t\t\t<\/div>\n\t\t\t\t<\/div>\n\t\t\t\t<\/div>\n\t\t\t\t\t<\/div>\n\t\t\t\t<\/div>\n\t\t\t\t<\/div>\n\t\t","protected":false},"excerpt":{"rendered":"<p>Uutiset Lue uusimmat uutiset ja blogikirjoitukset t\u00e4\u00e4lt\u00e4 Laserkarvanpoisto: Karvanpoisto vs. Superkarvanpoisto Laserkarvanpoisto on edelleen suosittu vaihtoehto pitk\u00e4aikaisia \u200b\u200bkarvanpoistohoitoja etsivien asiakkaiden keskuudessa perinteisiin menetelmiin verrattuna. 4. maaliskuuta 2024<\/p>\n","protected":false},"author":1,"featured_media":0,"parent":0,"menu_order":0,"comment_status":"closed","ping_status":"closed","template":"","meta":{"_acf_changed":false,"footnotes":""},"categories":[],"class_list":["post-11379","page","type-page","status-publish"],"acf":[],"yoast_head":"<!-- This site is optimized with the Yoast SEO plugin v27.4 - https:\/\/yoast.com\/product\/yoast-seo-wordpress\/ -->\n<title>Uutiset | EBS-l\u00e4\u00e4ketieteellinen<\/title>\n<meta name=\"description\" content=\"Uutiset | EBS-l\u00e4\u00e4ketieteellinen\" \/>\n<meta name=\"robots\" content=\"index, follow, max-snippet:-1, max-image-preview:large, max-video-preview:-1\" \/>\n<link rel=\"canonical\" href=\"https:\/\/ebs-medical.com\/fi\/uutiset\/\" \/>\n<meta property=\"og:locale\" content=\"fi_FI\" \/>\n<meta property=\"og:type\" content=\"article\" \/>\n<meta property=\"og:title\" content=\"Uutiset | EBS-l\u00e4\u00e4ketieteellinen\" \/>\n<meta property=\"og:description\" content=\"Uutiset | EBS-l\u00e4\u00e4ketieteellinen\" \/>\n<meta property=\"og:url\" content=\"https:\/\/ebs-medical.com\/fi\/uutiset\/\" \/>\n<meta property=\"og:site_name\" content=\"EBS medical\" \/>\n<meta property=\"article:modified_time\" content=\"2026-02-19T12:37:58+00:00\" \/>\n<meta property=\"og:image\" content=\"https:\/\/ebs-medical.com\/wp-content\/uploads\/2025\/08\/Stor-erfaring-i-medicinsk-laserudstyr-scaled-1.jpg\" \/>\n\t<meta property=\"og:image:width\" content=\"2048\" \/>\n\t<meta property=\"og:image:height\" content=\"991\" \/>\n\t<meta property=\"og:image:type\" content=\"image\/jpeg\" \/>\n<meta name=\"twitter:card\" content=\"summary_large_image\" \/>\n<script type=\"application\/ld+json\" class=\"yoast-schema-graph\">{\"@context\":\"https:\\\/\\\/schema.org\",\"@graph\":[{\"@type\":\"WebPage\",\"@id\":\"https:\\\/\\\/ebs-medical.com\\\/fi\\\/uutiset\\\/\",\"url\":\"https:\\\/\\\/ebs-medical.com\\\/fi\\\/uutiset\\\/\",\"name\":\"Uutiset | EBS-l\u00e4\u00e4ketieteellinen\",\"isPartOf\":{\"@id\":\"https:\\\/\\\/ebs-medical.com\\\/fi\\\/#website\"},\"primaryImageOfPage\":{\"@id\":\"https:\\\/\\\/ebs-medical.com\\\/fi\\\/uutiset\\\/#primaryimage\"},\"image\":{\"@id\":\"https:\\\/\\\/ebs-medical.com\\\/fi\\\/uutiset\\\/#primaryimage\"},\"thumbnailUrl\":\"https:\\\/\\\/ebs-medical.com\\\/wp-content\\\/uploads\\\/2025\\\/08\\\/Stor-erfaring-i-medicinsk-laserudstyr-scaled-1.jpg\",\"datePublished\":\"2025-08-01T12:00:35+00:00\",\"dateModified\":\"2026-02-19T12:37:58+00:00\",\"description\":\"Uutiset | EBS-l\u00e4\u00e4ketieteellinen\",\"breadcrumb\":{\"@id\":\"https:\\\/\\\/ebs-medical.com\\\/fi\\\/uutiset\\\/#breadcrumb\"},\"inLanguage\":\"fi\",\"potentialAction\":[{\"@type\":\"ReadAction\",\"target\":[\"https:\\\/\\\/ebs-medical.com\\\/fi\\\/uutiset\\\/\"]}]},{\"@type\":\"ImageObject\",\"inLanguage\":\"fi\",\"@id\":\"https:\\\/\\\/ebs-medical.com\\\/fi\\\/uutiset\\\/#primaryimage\",\"url\":\"https:\\\/\\\/ebs-medical.com\\\/wp-content\\\/uploads\\\/2025\\\/08\\\/Stor-erfaring-i-medicinsk-laserudstyr-scaled-1.jpg\",\"contentUrl\":\"https:\\\/\\\/ebs-medical.com\\\/wp-content\\\/uploads\\\/2025\\\/08\\\/Stor-erfaring-i-medicinsk-laserudstyr-scaled-1.jpg\"},{\"@type\":\"BreadcrumbList\",\"@id\":\"https:\\\/\\\/ebs-medical.com\\\/fi\\\/uutiset\\\/#breadcrumb\",\"itemListElement\":[{\"@type\":\"ListItem\",\"position\":1,\"name\":\"Forside\",\"item\":\"https:\\\/\\\/ebs-medical.com\\\/fi\\\/\"},{\"@type\":\"ListItem\",\"position\":2,\"name\":\"Uutiset\"}]},{\"@type\":\"WebSite\",\"@id\":\"https:\\\/\\\/ebs-medical.com\\\/fi\\\/#website\",\"url\":\"https:\\\/\\\/ebs-medical.com\\\/fi\\\/\",\"name\":\"EBS medical\",\"description\":\"Udstyr til fjernelse af tatovering, rynker og h\u00e5r, samt fedtfrysning\",\"publisher\":{\"@id\":\"https:\\\/\\\/ebs-medical.com\\\/fi\\\/#organization\"},\"potentialAction\":[{\"@type\":\"SearchAction\",\"target\":{\"@type\":\"EntryPoint\",\"urlTemplate\":\"https:\\\/\\\/ebs-medical.com\\\/fi\\\/?s={search_term_string}\"},\"query-input\":{\"@type\":\"PropertyValueSpecification\",\"valueRequired\":true,\"valueName\":\"search_term_string\"}}],\"inLanguage\":\"fi\"},{\"@type\":\"Organization\",\"@id\":\"https:\\\/\\\/ebs-medical.com\\\/fi\\\/#organization\",\"name\":\"EBS medical\",\"url\":\"https:\\\/\\\/ebs-medical.com\\\/fi\\\/\",\"logo\":{\"@type\":\"ImageObject\",\"inLanguage\":\"fi\",\"@id\":\"https:\\\/\\\/ebs-medical.com\\\/fi\\\/#\\\/schema\\\/logo\\\/image\\\/\",\"url\":\"https:\\\/\\\/ebs-medical.com\\\/wp-content\\\/uploads\\\/2025\\\/08\\\/logo.png\",\"contentUrl\":\"https:\\\/\\\/ebs-medical.com\\\/wp-content\\\/uploads\\\/2025\\\/08\\\/logo.png\",\"width\":246,\"height\":103,\"caption\":\"EBS medical\"},\"image\":{\"@id\":\"https:\\\/\\\/ebs-medical.com\\\/fi\\\/#\\\/schema\\\/logo\\\/image\\\/\"}}]}<\/script>\n<!-- \/ Yoast SEO plugin. -->","yoast_head_json":{"title":"Uutiset | EBS-l\u00e4\u00e4ketieteellinen","description":"Uutiset | EBS-l\u00e4\u00e4ketieteellinen","robots":{"index":"index","follow":"follow","max-snippet":"max-snippet:-1","max-image-preview":"max-image-preview:large","max-video-preview":"max-video-preview:-1"},"canonical":"https:\/\/ebs-medical.com\/fi\/uutiset\/","og_locale":"fi_FI","og_type":"article","og_title":"Uutiset | EBS-l\u00e4\u00e4ketieteellinen","og_description":"Uutiset | EBS-l\u00e4\u00e4ketieteellinen","og_url":"https:\/\/ebs-medical.com\/fi\/uutiset\/","og_site_name":"EBS medical","article_modified_time":"2026-02-19T12:37:58+00:00","og_image":[{"width":2048,"height":991,"url":"https:\/\/ebs-medical.com\/wp-content\/uploads\/2025\/08\/Stor-erfaring-i-medicinsk-laserudstyr-scaled-1.jpg","type":"image\/jpeg"}],"twitter_card":"summary_large_image","schema":{"@context":"https:\/\/schema.org","@graph":[{"@type":"WebPage","@id":"https:\/\/ebs-medical.com\/fi\/uutiset\/","url":"https:\/\/ebs-medical.com\/fi\/uutiset\/","name":"Uutiset | EBS-l\u00e4\u00e4ketieteellinen","isPartOf":{"@id":"https:\/\/ebs-medical.com\/fi\/#website"},"primaryImageOfPage":{"@id":"https:\/\/ebs-medical.com\/fi\/uutiset\/#primaryimage"},"image":{"@id":"https:\/\/ebs-medical.com\/fi\/uutiset\/#primaryimage"},"thumbnailUrl":"https:\/\/ebs-medical.com\/wp-content\/uploads\/2025\/08\/Stor-erfaring-i-medicinsk-laserudstyr-scaled-1.jpg","datePublished":"2025-08-01T12:00:35+00:00","dateModified":"2026-02-19T12:37:58+00:00","description":"Uutiset | EBS-l\u00e4\u00e4ketieteellinen","breadcrumb":{"@id":"https:\/\/ebs-medical.com\/fi\/uutiset\/#breadcrumb"},"inLanguage":"fi","potentialAction":[{"@type":"ReadAction","target":["https:\/\/ebs-medical.com\/fi\/uutiset\/"]}]},{"@type":"ImageObject","inLanguage":"fi","@id":"https:\/\/ebs-medical.com\/fi\/uutiset\/#primaryimage","url":"https:\/\/ebs-medical.com\/wp-content\/uploads\/2025\/08\/Stor-erfaring-i-medicinsk-laserudstyr-scaled-1.jpg","contentUrl":"https:\/\/ebs-medical.com\/wp-content\/uploads\/2025\/08\/Stor-erfaring-i-medicinsk-laserudstyr-scaled-1.jpg"},{"@type":"BreadcrumbList","@id":"https:\/\/ebs-medical.com\/fi\/uutiset\/#breadcrumb","itemListElement":[{"@type":"ListItem","position":1,"name":"Forside","item":"https:\/\/ebs-medical.com\/fi\/"},{"@type":"ListItem","position":2,"name":"Uutiset"}]},{"@type":"WebSite","@id":"https:\/\/ebs-medical.com\/fi\/#website","url":"https:\/\/ebs-medical.com\/fi\/","name":"EBS medical","description":"Udstyr til fjernelse af tatovering, rynker og h\u00e5r, samt fedtfrysning","publisher":{"@id":"https:\/\/ebs-medical.com\/fi\/#organization"},"potentialAction":[{"@type":"SearchAction","target":{"@type":"EntryPoint","urlTemplate":"https:\/\/ebs-medical.com\/fi\/?s={search_term_string}"},"query-input":{"@type":"PropertyValueSpecification","valueRequired":true,"valueName":"search_term_string"}}],"inLanguage":"fi"},{"@type":"Organization","@id":"https:\/\/ebs-medical.com\/fi\/#organization","name":"EBS medical","url":"https:\/\/ebs-medical.com\/fi\/","logo":{"@type":"ImageObject","inLanguage":"fi","@id":"https:\/\/ebs-medical.com\/fi\/#\/schema\/logo\/image\/","url":"https:\/\/ebs-medical.com\/wp-content\/uploads\/2025\/08\/logo.png","contentUrl":"https:\/\/ebs-medical.com\/wp-content\/uploads\/2025\/08\/logo.png","width":246,"height":103,"caption":"EBS medical"},"image":{"@id":"https:\/\/ebs-medical.com\/fi\/#\/schema\/logo\/image\/"}}]}},"_links":{"self":[{"href":"https:\/\/ebs-medical.com\/fi\/wp-json\/wp\/v2\/pages\/11379","targetHints":{"allow":["GET"]}}],"collection":[{"href":"https:\/\/ebs-medical.com\/fi\/wp-json\/wp\/v2\/pages"}],"about":[{"href":"https:\/\/ebs-medical.com\/fi\/wp-json\/wp\/v2\/types\/page"}],"author":[{"embeddable":true,"href":"https:\/\/ebs-medical.com\/fi\/wp-json\/wp\/v2\/users\/1"}],"replies":[{"embeddable":true,"href":"https:\/\/ebs-medical.com\/fi\/wp-json\/wp\/v2\/comments?post=11379"}],"version-history":[{"count":1,"href":"https:\/\/ebs-medical.com\/fi\/wp-json\/wp\/v2\/pages\/11379\/revisions"}],"predecessor-version":[{"id":11381,"href":"https:\/\/ebs-medical.com\/fi\/wp-json\/wp\/v2\/pages\/11379\/revisions\/11381"}],"wp:attachment":[{"href":"https:\/\/ebs-medical.com\/fi\/wp-json\/wp\/v2\/media?parent=11379"}],"wp:term":[{"taxonomy":"category","embeddable":true,"href":"https:\/\/ebs-medical.com\/fi\/wp-json\/wp\/v2\/categories?post=11379"}],"curies":[{"name":"wp","href":"https:\/\/api.w.org\/{rel}","templated":true}]}}